{"id":744,"date":"2022-10-10T06:57:44","date_gmt":"2022-10-10T06:57:44","guid":{"rendered":"https:\/\/mikelbelascoain.com\/?page_id=744"},"modified":"2022-10-10T07:05:00","modified_gmt":"2022-10-10T07:05:00","slug":"luna-negra","status":"publish","type":"page","link":"https:\/\/mikelbelascoain.com\/en\/luna-negra\/","title":{"rendered":"LUNA NEGRA"},"content":{"rendered":"<div class=\"vc_row wpb_row vc_row-fluid\"><div class=\"wpb_column vc_column_container vc_col-sm-12\"><div class=\"vc_column-inner\"><div class=\"wpb_wrapper\">\n\t<div class=\"wpb_raw_code wpb_content_element wpb_raw_html\" >\n\t\t<div class=\"wpb_wrapper\">\n\t\t\t<div class=\"volver\">\n<a href=\"http:\/\/mikelbelascoain.com\"><<\/a><\/div>\n<div class=\"idioma\"><a title=\"English (UK)\" href=\"\/en\/luna-negra\/\">en<\/a>\/<a title=\"Spanish (SP)\" href=\"\/luna-negra\/\">es<\/a><\/div>\n\t\t<\/div>\n\t<\/div>\n<\/div><\/div><\/div><\/div><div class=\"vc_row wpb_row vc_row-fluid\"><div class=\"wpb_column vc_column_container vc_col-sm-12\"><div class=\"vc_column-inner\"><div class=\"wpb_wrapper\">\n\t<div  class=\"wpb_single_image wpb_content_element vc_align_center\">\n\t\t\n\t\t<figure class=\"wpb_wrapper vc_figure\">\n\t\t\t<div class=\"vc_single_image-wrapper   vc_box_border_grey\"><img loading=\"lazy\" decoding=\"async\" width=\"1875\" height=\"892\" src=\"https:\/\/mikelbelascoain.com\/wp-content\/uploads\/2022\/10\/cabecera_Mesa-de-trabajo-1.jpg\" class=\"vc_single_image-img attachment-full\" alt=\"\" srcset=\"https:\/\/mikelbelascoain.com\/wp-content\/uploads\/2022\/10\/cabecera_Mesa-de-trabajo-1.jpg 1875w, https:\/\/mikelbelascoain.com\/wp-content\/uploads\/2022\/10\/cabecera_Mesa-de-trabajo-1-300x143.jpg 300w, https:\/\/mikelbelascoain.com\/wp-content\/uploads\/2022\/10\/cabecera_Mesa-de-trabajo-1-1024x487.jpg 1024w, https:\/\/mikelbelascoain.com\/wp-content\/uploads\/2022\/10\/cabecera_Mesa-de-trabajo-1-768x365.jpg 768w, https:\/\/mikelbelascoain.com\/wp-content\/uploads\/2022\/10\/cabecera_Mesa-de-trabajo-1-1536x731.jpg 1536w, https:\/\/mikelbelascoain.com\/wp-content\/uploads\/2022\/10\/cabecera_Mesa-de-trabajo-1-18x9.jpg 18w, https:\/\/mikelbelascoain.com\/wp-content\/uploads\/2022\/10\/cabecera_Mesa-de-trabajo-1-650x309.jpg 650w, https:\/\/mikelbelascoain.com\/wp-content\/uploads\/2022\/10\/cabecera_Mesa-de-trabajo-1-1000x476.jpg 1000w\" sizes=\"(max-width: 1875px) 100vw, 1875px\" \/><\/div>\n\t\t<\/figure>\n\t<\/div>\n<\/div><\/div><\/div><\/div><div class=\"vc_row wpb_row vc_row-fluid vc_custom_1548927726428\"><div class=\"wpb_column vc_column_container vc_col-sm-12\"><div class=\"vc_column-inner\"><div class=\"wpb_wrapper\">\n\t<div class=\"wpb_text_column wpb_content_element  texto\" >\n\t\t<div class=\"wpb_wrapper\">\n\t\t\t<p>Luna Negra es un cortometraje documental, dirigido por Miguel Go\u00f1i y Mikel Belascoain, resultado de un trabajo experimental de 3 a\u00f1os de duraci\u00f3n. El desarrollo de este cortometraje, que ha sido subvencionado por el Gobierno de Navarra, ha supuesto una inmersi\u00f3n en el flamenco de ra\u00edces de Granada.<br \/>\nSe ha puesto el foco en la mujer como punto diferencial del proyecto, y en concreto, en la bailaora gitana Alba Heredia. La estructura de proyecto por la que se ha optado tiene como base el cine mudo, reforzada por el uso del blanco y negro por parte de Miguel Go\u00f1i y distintos elementos que permiten mostrar una pel\u00edcula de g\u00e9nero po\u00e9tico. Es en la poes\u00eda precisamente, donde se encuentra uno de los n\u00facleos centrales de este proyecto, ya que, a lo largo de la investigaci\u00f3n, los directores perciben paralelismos con la obra de Federico Garc\u00eda Lorca, tambi\u00e9n granadino, y que tambi\u00e9n us\u00f3 un m\u00e9todo similar para entender las claves del flamenco.<\/p>\n<p>En un mundo con una tendencia que parece imparable hacia la globalizaci\u00f3n y el borrado de culturas con alcance ancestral, la existencia de clanes como el de los Heredia- Maya, se considera que es de un gran inter\u00e9s antropol\u00f3gico, que sin duda tiene influencia central en el flamenco como forma de vida tan pegada a la tradici\u00f3n gitana. Finalmente la esencia de la imagen, nos lleva de una forma fluida al centro de la pieza que no deja de ser otro que el propio baile de Alba Heredia.<\/p>\n<p>El proyecto se concreta en una pel\u00edcula y un espect\u00e1culo que mezcla cine y baile y su estreno mundial se realiza en Septiembre de 2022 en el Centro Federico Garc\u00eda Lorca de Granada. <\/p>\n\n\t\t<\/div>\n\t<\/div>\n<\/div><\/div><\/div><\/div><div class=\"vc_row wpb_row vc_row-fluid\"><div class=\"wpb_column vc_column_container vc_col-sm-6\"><div class=\"vc_column-inner\"><div class=\"wpb_wrapper\">\n\t<div  class=\"wpb_single_image wpb_content_element vc_align_right\">\n\t\t\n\t\t<figure class=\"wpb_wrapper vc_figure\">\n\t\t\t<div class=\"vc_single_image-wrapper   vc_box_border_grey\"><img loading=\"lazy\" decoding=\"async\" width=\"1920\" height=\"1296\" src=\"https:\/\/mikelbelascoain.com\/wp-content\/uploads\/2022\/10\/1-Fotogramas_LunaNegra_2000px_0067.jpg\" class=\"vc_single_image-img attachment-full\" alt=\"\" srcset=\"https:\/\/mikelbelascoain.com\/wp-content\/uploads\/2022\/10\/1-Fotogramas_LunaNegra_2000px_0067.jpg 1920w, https:\/\/mikelbelascoain.com\/wp-content\/uploads\/2022\/10\/1-Fotogramas_LunaNegra_2000px_0067-300x203.jpg 300w, https:\/\/mikelbelascoain.com\/wp-content\/uploads\/2022\/10\/1-Fotogramas_LunaNegra_2000px_0067-1024x691.jpg 1024w, https:\/\/mikelbelascoain.com\/wp-content\/uploads\/2022\/10\/1-Fotogramas_LunaNegra_2000px_0067-768x518.jpg 768w, https:\/\/mikelbelascoain.com\/wp-content\/uploads\/2022\/10\/1-Fotogramas_LunaNegra_2000px_0067-1536x1037.jpg 1536w, https:\/\/mikelbelascoain.com\/wp-content\/uploads\/2022\/10\/1-Fotogramas_LunaNegra_2000px_0067-18x12.jpg 18w, https:\/\/mikelbelascoain.com\/wp-content\/uploads\/2022\/10\/1-Fotogramas_LunaNegra_2000px_0067-650x439.jpg 650w, https:\/\/mikelbelascoain.com\/wp-content\/uploads\/2022\/10\/1-Fotogramas_LunaNegra_2000px_0067-1000x675.jpg 1000w\" sizes=\"(max-width: 1920px) 100vw, 1920px\" \/><\/div>\n\t\t<\/figure>\n\t<\/div>\n<\/div><\/div><\/div><div class=\"wpb_column vc_column_container vc_col-sm-6\"><div class=\"vc_column-inner\"><div class=\"wpb_wrapper\">\n\t<div  class=\"wpb_single_image wpb_content_element vc_align_left\">\n\t\t\n\t\t<figure class=\"wpb_wrapper vc_figure\">\n\t\t\t<div class=\"vc_single_image-wrapper   vc_box_border_grey\"><img loading=\"lazy\" decoding=\"async\" width=\"1920\" height=\"1296\" src=\"https:\/\/mikelbelascoain.com\/wp-content\/uploads\/2022\/10\/1-Fotogramas_LunaNegra_2000px_0079.jpg\" class=\"vc_single_image-img attachment-full\" alt=\"\" srcset=\"https:\/\/mikelbelascoain.com\/wp-content\/uploads\/2022\/10\/1-Fotogramas_LunaNegra_2000px_0079.jpg 1920w, https:\/\/mikelbelascoain.com\/wp-content\/uploads\/2022\/10\/1-Fotogramas_LunaNegra_2000px_0079-300x203.jpg 300w, https:\/\/mikelbelascoain.com\/wp-content\/uploads\/2022\/10\/1-Fotogramas_LunaNegra_2000px_0079-1024x691.jpg 1024w, https:\/\/mikelbelascoain.com\/wp-content\/uploads\/2022\/10\/1-Fotogramas_LunaNegra_2000px_0079-768x518.jpg 768w, https:\/\/mikelbelascoain.com\/wp-content\/uploads\/2022\/10\/1-Fotogramas_LunaNegra_2000px_0079-1536x1037.jpg 1536w, https:\/\/mikelbelascoain.com\/wp-content\/uploads\/2022\/10\/1-Fotogramas_LunaNegra_2000px_0079-18x12.jpg 18w, https:\/\/mikelbelascoain.com\/wp-content\/uploads\/2022\/10\/1-Fotogramas_LunaNegra_2000px_0079-650x439.jpg 650w, https:\/\/mikelbelascoain.com\/wp-content\/uploads\/2022\/10\/1-Fotogramas_LunaNegra_2000px_0079-1000x675.jpg 1000w\" sizes=\"(max-width: 1920px) 100vw, 1920px\" \/><\/div>\n\t\t<\/figure>\n\t<\/div>\n<\/div><\/div><\/div><\/div><div class=\"vc_row wpb_row vc_row-fluid\"><div class=\"wpb_column vc_column_container vc_col-sm-12\"><div class=\"vc_column-inner\"><div class=\"wpb_wrapper\"><div class=\"wpb_revslider_element wpb_content_element\">\n\t\t\t<!-- START luna negra REVOLUTION SLIDER 6.2.5 --><p class=\"rs-p-wp-fix\"><\/p>\n\t\t\t<rs-module-wrap id=\"rev_slider_10_1_wrapper\" data-source=\"gallery\" style=\"background:transparent;padding:0;margin:0px auto;margin-top:0;margin-bottom:0;max-width:;\">\n\t\t\t\t<rs-module id=\"rev_slider_10_1\" style=\"\" data-version=\"6.2.5\">\n\t\t\t\t\t<rs-slides>\n\t\t\t\t\t\t<rs-slide data-key=\"rs-36\" data-title=\"Slide\" data-anim=\"ei:d;eo:d;s:600;r:0;t:fade;sl:d;\">\n\t\t\t\t\t\t\t<img decoding=\"async\" src=\"\/\/mikelbelascoain.com\/wp-content\/plugins\/revslider\/public\/assets\/assets\/transparent.png\" title=\"LUNA NEGRA\" class=\"rev-slidebg\" data-no-retina>\n<!--\n\t\t\t\t\t\t\t--><rs-layer\n\t\t\t\t\t\t\t\tid=\"slider-10-slide-36-layer-1\" \n\t\t\t\t\t\t\t\tdata-type=\"image\"\n\t\t\t\t\t\t\t\tdata-rsp_ch=\"on\"\n\t\t\t\t\t\t\t\tdata-xy=\"x:c;y:c;\"\n\t\t\t\t\t\t\t\tdata-text=\"l:22;a:inherit;\"\n\t\t\t\t\t\t\t\tdata-dim=\"w:100%;h:100%;\"\n\t\t\t\t\t\t\t\tdata-frame_999=\"o:0;st:w;sR:8700;\"\n\t\t\t\t\t\t\t\tstyle=\"z-index:5;\"\n\t\t\t\t\t\t\t><img loading=\"lazy\" decoding=\"async\" src=\"\/\/mikelbelascoain.com\/wp-content\/uploads\/2022\/10\/1-Fotogramas_LunaNegra_2000px_0015.jpg\" width=\"1920\" height=\"1296\" data-c=\"cover-proportional\" data-no-retina> \n\t\t\t\t\t\t\t<\/rs-layer><!--\n-->\t\t\t\t\t\t<\/rs-slide>\n\t\t\t\t\t\t<rs-slide data-key=\"rs-37\" data-title=\"Slide\" data-anim=\"ei:d;eo:d;s:600;r:0;t:fade;sl:d;\">\n\t\t\t\t\t\t\t<img decoding=\"async\" src=\"\/\/mikelbelascoain.com\/wp-content\/plugins\/revslider\/public\/assets\/assets\/transparent.png\" title=\"LUNA NEGRA\" class=\"rev-slidebg\" data-no-retina>\n<!--\n\t\t\t\t\t\t\t--><rs-layer\n\t\t\t\t\t\t\t\tid=\"slider-10-slide-37-layer-1\" \n\t\t\t\t\t\t\t\tdata-type=\"image\"\n\t\t\t\t\t\t\t\tdata-rsp_ch=\"on\"\n\t\t\t\t\t\t\t\tdata-xy=\"x:c;y:c;\"\n\t\t\t\t\t\t\t\tdata-text=\"l:22;a:inherit;\"\n\t\t\t\t\t\t\t\tdata-dim=\"w:100%;h:100%;\"\n\t\t\t\t\t\t\t\tdata-frame_999=\"o:0;st:w;sR:8700;\"\n\t\t\t\t\t\t\t\tstyle=\"z-index:5;\"\n\t\t\t\t\t\t\t><img loading=\"lazy\" decoding=\"async\" src=\"\/\/mikelbelascoain.com\/wp-content\/uploads\/2022\/10\/1-Fotogramas_LunaNegra_2000px_0033.jpg\" width=\"1920\" height=\"1296\" data-c=\"cover-proportional\" data-no-retina> \n\t\t\t\t\t\t\t<\/rs-layer><!--\n-->\t\t\t\t\t\t<\/rs-slide>\n\t\t\t\t\t\t<rs-slide data-key=\"rs-38\" data-title=\"Slide\" data-anim=\"ei:d;eo:d;s:600;r:0;t:fade;sl:d;\">\n\t\t\t\t\t\t\t<img decoding=\"async\" src=\"\/\/mikelbelascoain.com\/wp-content\/plugins\/revslider\/public\/assets\/assets\/transparent.png\" title=\"LUNA NEGRA\" class=\"rev-slidebg\" data-no-retina>\n<!--\n\t\t\t\t\t\t\t--><rs-layer\n\t\t\t\t\t\t\t\tid=\"slider-10-slide-38-layer-1\" \n\t\t\t\t\t\t\t\tdata-type=\"image\"\n\t\t\t\t\t\t\t\tdata-rsp_ch=\"on\"\n\t\t\t\t\t\t\t\tdata-xy=\"x:c;y:c;\"\n\t\t\t\t\t\t\t\tdata-text=\"l:22;a:inherit;\"\n\t\t\t\t\t\t\t\tdata-dim=\"w:100%;h:100%;\"\n\t\t\t\t\t\t\t\tdata-frame_999=\"o:0;st:w;sR:8700;\"\n\t\t\t\t\t\t\t\tstyle=\"z-index:5;\"\n\t\t\t\t\t\t\t><img loading=\"lazy\" decoding=\"async\" src=\"\/\/mikelbelascoain.com\/wp-content\/uploads\/2022\/10\/1-DSCF8197.00_04_17_11.Imagen fija010.jpg\" width=\"1920\" height=\"1296\" data-c=\"cover-proportional\" data-no-retina> \n\t\t\t\t\t\t\t<\/rs-layer><!--\n-->\t\t\t\t\t\t<\/rs-slide>\n\t\t\t\t\t\t<rs-slide data-key=\"rs-39\" data-title=\"Slide\" data-anim=\"ei:d;eo:d;s:1000;r:0;t:fade;sl:0;\">\n\t\t\t\t\t\t\t<img decoding=\"async\" src=\"\/\/mikelbelascoain.com\/wp-content\/plugins\/revslider\/public\/assets\/assets\/transparent.png\" title=\"LUNA NEGRA\" class=\"rev-slidebg\" data-no-retina>\n<!--\n\t\t\t\t\t\t\t--><rs-layer\n\t\t\t\t\t\t\t\tid=\"slider-10-slide-39-layer-5\" \n\t\t\t\t\t\t\t\tdata-type=\"image\"\n\t\t\t\t\t\t\t\tdata-rsp_ch=\"on\"\n\t\t\t\t\t\t\t\tdata-xy=\"x:c;y:c;\"\n\t\t\t\t\t\t\t\tdata-text=\"w:normal;\"\n\t\t\t\t\t\t\t\tdata-dim=\"w:100%;h:100%;\"\n\t\t\t\t\t\t\t\tdata-frame_999=\"o:0;st:w;\"\n\t\t\t\t\t\t\t\tstyle=\"z-index:5;\"\n\t\t\t\t\t\t\t><img loading=\"lazy\" decoding=\"async\" src=\"\/\/mikelbelascoain.com\/wp-content\/uploads\/2022\/10\/1-DSCF8197.00_09_35_19.Imagen fija012.jpg\" width=\"1920\" height=\"1296\" data-c=\"cover-proportional\" data-no-retina> \n\t\t\t\t\t\t\t<\/rs-layer><!--\n-->\t\t\t\t\t\t<\/rs-slide>\n\t\t\t\t\t\t<rs-slide data-key=\"rs-40\" data-title=\"Slide\" data-anim=\"ei:d;eo:d;s:1000;r:0;t:fade;sl:0;\">\n\t\t\t\t\t\t\t<img decoding=\"async\" src=\"\/\/mikelbelascoain.com\/wp-content\/plugins\/revslider\/public\/assets\/assets\/transparent.png\" title=\"LUNA NEGRA\" class=\"rev-slidebg\" data-no-retina>\n<!--\n\t\t\t\t\t\t\t--><rs-layer\n\t\t\t\t\t\t\t\tid=\"slider-10-slide-40-layer-6\" \n\t\t\t\t\t\t\t\tdata-type=\"image\"\n\t\t\t\t\t\t\t\tdata-rsp_ch=\"on\"\n\t\t\t\t\t\t\t\tdata-xy=\"x:c;y:c;\"\n\t\t\t\t\t\t\t\tdata-text=\"w:normal;\"\n\t\t\t\t\t\t\t\tdata-dim=\"w:100%;h:100%;\"\n\t\t\t\t\t\t\t\tdata-frame_999=\"o:0;st:w;\"\n\t\t\t\t\t\t\t\tstyle=\"z-index:5;\"\n\t\t\t\t\t\t\t><img loading=\"lazy\" decoding=\"async\" src=\"\/\/mikelbelascoain.com\/wp-content\/uploads\/2022\/10\/1-Fotogramas_LunaNegra_2000px_0120.jpg\" width=\"1920\" height=\"1296\" data-c=\"cover-proportional\" data-no-retina> \n\t\t\t\t\t\t\t<\/rs-layer><!--\n-->\t\t\t\t\t\t<\/rs-slide>\n\t\t\t\t\t\t<rs-slide data-key=\"rs-41\" data-title=\"Slide\" data-anim=\"ei:d;eo:d;s:1000;r:0;t:fade;sl:0;\">\n\t\t\t\t\t\t\t<img decoding=\"async\" src=\"\/\/mikelbelascoain.com\/wp-content\/plugins\/revslider\/public\/assets\/assets\/transparent.png\" title=\"LUNA NEGRA\" class=\"rev-slidebg\" data-no-retina>\n<!--\n\t\t\t\t\t\t\t--><rs-layer\n\t\t\t\t\t\t\t\tid=\"slider-10-slide-41-layer-6\" \n\t\t\t\t\t\t\t\tdata-type=\"image\"\n\t\t\t\t\t\t\t\tdata-rsp_ch=\"on\"\n\t\t\t\t\t\t\t\tdata-xy=\"x:c;y:c;\"\n\t\t\t\t\t\t\t\tdata-text=\"w:normal;\"\n\t\t\t\t\t\t\t\tdata-dim=\"w:100%;h:100%;\"\n\t\t\t\t\t\t\t\tdata-frame_999=\"o:0;st:w;\"\n\t\t\t\t\t\t\t\tstyle=\"z-index:5;\"\n\t\t\t\t\t\t\t><img loading=\"lazy\" decoding=\"async\" src=\"\/\/mikelbelascoain.com\/wp-content\/uploads\/2022\/10\/1-Fotogramas_LunaNegra_2000px_0093.jpg\" width=\"1920\" height=\"1296\" data-c=\"cover-proportional\" data-no-retina> \n\t\t\t\t\t\t\t<\/rs-layer><!--\n-->\t\t\t\t\t\t<\/rs-slide>\n\t\t\t\t\t<\/rs-slides>\n\t\t\t\t\t<rs-progress class=\"rs-bottom\" style=\"visibility: hidden !important;\"><\/rs-progress>\n\t\t\t\t<\/rs-module>\n\t\t\t\t<script type=\"text\/javascript\">\n\t\t\t\t\tsetREVStartSize({c: 'rev_slider_10_1',rl:[1240,1024,778,480],el:[868],gw:[1240],gh:[868],type:'standard',justify:'',layout:'fullwidth',mh:\"0\"});\n\t\t\t\t\tvar\trevapi10,\n\t\t\t\t\t\ttpj;\n\t\t\t\t\tjQuery(function() {\n\t\t\t\t\t\ttpj = jQuery;\n\t\t\t\t\t\trevapi10 = tpj(\"#rev_slider_10_1\")\n\t\t\t\t\t\tif(revapi10==undefined || revapi10.revolution == undefined){\n\t\t\t\t\t\t\trevslider_showDoubleJqueryError(\"rev_slider_10_1\");\n\t\t\t\t\t\t}else{\n\t\t\t\t\t\t\trevapi10.revolution({\n\t\t\t\t\t\t\t\tvisibilityLevels:\"1240,1024,778,480\",\n\t\t\t\t\t\t\t\tgridwidth:1240,\n\t\t\t\t\t\t\t\tgridheight:868,\n\t\t\t\t\t\t\t\tspinner:\"spinner0\",\n\t\t\t\t\t\t\t\tperspective:600,\n\t\t\t\t\t\t\t\tperspectiveType:\"local\",\n\t\t\t\t\t\t\t\teditorheight:\"868,768,960,720\",\n\t\t\t\t\t\t\t\tresponsiveLevels:\"1240,1024,778,480\",\n\t\t\t\t\t\t\t\tdisableProgressBar:\"on\",\n\t\t\t\t\t\t\t\tnavigation: {\n\t\t\t\t\t\t\t\t\tmouseScrollNavigation:false,\n\t\t\t\t\t\t\t\t\tonHoverStop:false,\n\t\t\t\t\t\t\t\t\tarrows: {\n\t\t\t\t\t\t\t\t\t\tenable:true,\n\t\t\t\t\t\t\t\t\t\tstyle:\"uranus\",\n\t\t\t\t\t\t\t\t\t\tleft: {\n\n\t\t\t\t\t\t\t\t\t\t},\n\t\t\t\t\t\t\t\t\t\tright: {\n\n\t\t\t\t\t\t\t\t\t\t}\n\t\t\t\t\t\t\t\t\t}\n\t\t\t\t\t\t\t\t},\n\t\t\t\t\t\t\t\tfallbacks: {\n\t\t\t\t\t\t\t\t\tallowHTML5AutoPlayOnAndroid:true\n\t\t\t\t\t\t\t\t},\n\t\t\t\t\t\t\t});\n\t\t\t\t\t\t}\n\t\t\t\t\t\t\n\t\t\t\t\t});\n\t\t\t\t<\/script>\n\t\t\t\t<script>\n\t\t\t\t\tvar htmlDivCss = unescape(\"%23rev_slider_10_1_wrapper%20.uranus.tparrows%20%7B%0A%20%20width%3A50px%3B%0A%20%20height%3A50px%3B%0A%20%20background%3Argba%28255%2C255%2C255%2C0%29%3B%0A%20%7D%0A%20%23rev_slider_10_1_wrapper%20.uranus.tparrows%3Abefore%20%7B%0A%20width%3A50px%3B%0A%20height%3A50px%3B%0A%20line-height%3A50px%3B%0A%20font-size%3A40px%3B%0A%20transition%3Aall%200.3s%3B%0A-webkit-transition%3Aall%200.3s%3B%0A%20%7D%0A%20%0A%20%20%23rev_slider_10_1_wrapper%20.uranus.tparrows%3Ahover%3Abefore%20%7B%0A%20%20%20%20opacity%3A0.75%3B%0A%20%20%7D%0A\");\n\t\t\t\t\tvar htmlDiv = document.getElementById('rs-plugin-settings-inline-css');\n\t\t\t\t\tif(htmlDiv) {\n\t\t\t\t\t\thtmlDiv.innerHTML = htmlDiv.innerHTML + htmlDivCss;\n\t\t\t\t\t}else{\n\t\t\t\t\t\tvar htmlDiv = document.createElement('div');\n\t\t\t\t\t\thtmlDiv.innerHTML = '<style>' + htmlDivCss + '<\/style>';\n\t\t\t\t\t\tdocument.getElementsByTagName('head')[0].appendChild(htmlDiv.childNodes[0]);\n\t\t\t\t\t}\n\t\t\t\t<\/script>\n\t\t\t\t<script>\n\t\t\t\t\tvar htmlDivCss = unescape(\"%0A%0A%0A%0A%0A%0A\");\n\t\t\t\t\tvar htmlDiv = document.getElementById('rs-plugin-settings-inline-css');\n\t\t\t\t\tif(htmlDiv) {\n\t\t\t\t\t\thtmlDiv.innerHTML = htmlDiv.innerHTML + htmlDivCss;\n\t\t\t\t\t}else{\n\t\t\t\t\t\tvar htmlDiv = document.createElement('div');\n\t\t\t\t\t\thtmlDiv.innerHTML = '<style>' + htmlDivCss + '<\/style>';\n\t\t\t\t\t\tdocument.getElementsByTagName('head')[0].appendChild(htmlDiv.childNodes[0]);\n\t\t\t\t\t}\n\t\t\t\t<\/script>\n\t\t\t<\/rs-module-wrap>\n\t\t\t<!-- END REVOLUTION SLIDER -->\n<\/div><\/div><\/div><\/div><\/div><div class=\"vc_row wpb_row vc_row-fluid\"><div class=\"wpb_column vc_column_container vc_col-sm-6\"><div class=\"vc_column-inner\"><div class=\"wpb_wrapper\">\n\t<div  class=\"wpb_single_image wpb_content_element vc_align_right\">\n\t\t\n\t\t<figure class=\"wpb_wrapper vc_figure\">\n\t\t\t<div class=\"vc_single_image-wrapper   vc_box_border_grey\"><img loading=\"lazy\" decoding=\"async\" width=\"1920\" height=\"1296\" src=\"https:\/\/mikelbelascoain.com\/wp-content\/uploads\/2022\/10\/1-Fondo.jpg\" class=\"vc_single_image-img attachment-full\" alt=\"\" srcset=\"https:\/\/mikelbelascoain.com\/wp-content\/uploads\/2022\/10\/1-Fondo.jpg 1920w, https:\/\/mikelbelascoain.com\/wp-content\/uploads\/2022\/10\/1-Fondo-300x203.jpg 300w, https:\/\/mikelbelascoain.com\/wp-content\/uploads\/2022\/10\/1-Fondo-1024x691.jpg 1024w, https:\/\/mikelbelascoain.com\/wp-content\/uploads\/2022\/10\/1-Fondo-768x518.jpg 768w, https:\/\/mikelbelascoain.com\/wp-content\/uploads\/2022\/10\/1-Fondo-1536x1037.jpg 1536w, https:\/\/mikelbelascoain.com\/wp-content\/uploads\/2022\/10\/1-Fondo-18x12.jpg 18w, https:\/\/mikelbelascoain.com\/wp-content\/uploads\/2022\/10\/1-Fondo-650x439.jpg 650w, https:\/\/mikelbelascoain.com\/wp-content\/uploads\/2022\/10\/1-Fondo-1000x675.jpg 1000w\" sizes=\"(max-width: 1920px) 100vw, 1920px\" \/><\/div>\n\t\t<\/figure>\n\t<\/div>\n<\/div><\/div><\/div><div class=\"wpb_column vc_column_container vc_col-sm-6\"><div class=\"vc_column-inner\"><div class=\"wpb_wrapper\">\n\t<div  class=\"wpb_single_image wpb_content_element vc_align_left\">\n\t\t\n\t\t<figure class=\"wpb_wrapper vc_figure\">\n\t\t\t<div class=\"vc_single_image-wrapper   vc_box_border_grey\"><img loading=\"lazy\" decoding=\"async\" width=\"1920\" height=\"1296\" src=\"https:\/\/mikelbelascoain.com\/wp-content\/uploads\/2022\/10\/1-Fotogramas_LunaNegra_2000px_0148.jpg\" class=\"vc_single_image-img attachment-full\" alt=\"\" srcset=\"https:\/\/mikelbelascoain.com\/wp-content\/uploads\/2022\/10\/1-Fotogramas_LunaNegra_2000px_0148.jpg 1920w, https:\/\/mikelbelascoain.com\/wp-content\/uploads\/2022\/10\/1-Fotogramas_LunaNegra_2000px_0148-300x203.jpg 300w, https:\/\/mikelbelascoain.com\/wp-content\/uploads\/2022\/10\/1-Fotogramas_LunaNegra_2000px_0148-1024x691.jpg 1024w, https:\/\/mikelbelascoain.com\/wp-content\/uploads\/2022\/10\/1-Fotogramas_LunaNegra_2000px_0148-768x518.jpg 768w, https:\/\/mikelbelascoain.com\/wp-content\/uploads\/2022\/10\/1-Fotogramas_LunaNegra_2000px_0148-1536x1037.jpg 1536w, https:\/\/mikelbelascoain.com\/wp-content\/uploads\/2022\/10\/1-Fotogramas_LunaNegra_2000px_0148-18x12.jpg 18w, https:\/\/mikelbelascoain.com\/wp-content\/uploads\/2022\/10\/1-Fotogramas_LunaNegra_2000px_0148-650x439.jpg 650w, https:\/\/mikelbelascoain.com\/wp-content\/uploads\/2022\/10\/1-Fotogramas_LunaNegra_2000px_0148-1000x675.jpg 1000w\" sizes=\"(max-width: 1920px) 100vw, 1920px\" \/><\/div>\n\t\t<\/figure>\n\t<\/div>\n<\/div><\/div><\/div><\/div><div class=\"vc_row wpb_row vc_row-fluid vc_custom_1548925569361\"><div class=\"wpb_column vc_column_container vc_col-sm-12\"><div class=\"vc_column-inner\"><div class=\"wpb_wrapper\">\n\t<div class=\"wpb_text_column wpb_content_element  texto\" >\n\t\t<div class=\"wpb_wrapper\">\n\t\t\t<p>TRAILER<\/p>\n\n\t\t<\/div>\n\t<\/div>\n<\/div><\/div><\/div><\/div><div class=\"vc_row wpb_row vc_row-fluid\"><div class=\"wpb_column vc_column_container vc_col-sm-12\"><div class=\"vc_column-inner\"><div class=\"wpb_wrapper\">\n\t<div class=\"wpb_video_widget wpb_content_element vc_clearfix   vc_video-aspect-ratio-169 vc_video-el-width-100 vc_video-align-center\" >\n\t\t<div class=\"wpb_wrapper\">\n\t\t\t\n\t\t\t<div class=\"wpb_video_wrapper\"><iframe loading=\"lazy\" title=\"Luna Negra - Trailer\" src=\"https:\/\/player.vimeo.com\/video\/483212598?dnt=1&amp;app_id=122963\" width=\"500\" height=\"338\" frameborder=\"0\" allow=\"autoplay; fullscreen; picture-in-picture; clipboard-write\"><\/iframe><\/div>\n\t\t<\/div>\n\t<\/div>\n<\/div><\/div><\/div><\/div><div class=\"vc_row wpb_row vc_row-fluid vc_custom_1548925569361\"><div class=\"wpb_column vc_column_container vc_col-sm-12\"><div class=\"vc_column-inner\"><div class=\"wpb_wrapper\">\n\t<div class=\"wpb_text_column wpb_content_element  texto\" >\n\t\t<div class=\"wpb_wrapper\">\n\t\t\t<p>DETALLES Y PRENSA<\/p>\n\n\t\t<\/div>\n\t<\/div>\n<\/div><\/div><\/div><\/div><div class=\"vc_row wpb_row vc_row-fluid vc_custom_1548402079909\"><div class=\"wpb_column vc_column_container vc_col-sm-12\"><div class=\"vc_column-inner\"><div class=\"wpb_wrapper\">\n\t<div class=\"wpb_text_column wpb_content_element \" >\n\t\t<div class=\"wpb_wrapper\">\n\t\t\t<h6 style=\"text-align: center;\"><a href=\"\/pueblo\">Siguiente Proyecto<\/a><\/h6>\n\n\t\t<\/div>\n\t<\/div>\n<\/div><\/div><\/div><\/div>\n","protected":false},"excerpt":{"rendered":"","protected":false},"author":1,"featured_media":0,"parent":0,"menu_order":0,"comment_status":"closed","ping_status":"closed","template":"","meta":{"inline_featured_image":false,"footnotes":""},"yoast_head":"<!-- This site is optimized with the Yoast SEO plugin v24.5 - https:\/\/yoast.com\/wordpress\/plugins\/seo\/ -->\n<title>LUNA NEGRA - Mikel Belascoain<\/title>\n<meta name=\"robots\" content=\"index, follow, max-snippet:-1, max-image-preview:large, max-video-preview:-1\" \/>\n<link rel=\"canonical\" href=\"https:\/\/mikelbelascoain.com\/en\/luna-negra\/\" \/>\n<meta property=\"og:locale\" content=\"en_GB\" \/>\n<meta property=\"og:type\" content=\"article\" \/>\n<meta property=\"og:title\" content=\"LUNA NEGRA - Mikel Belascoain\" \/>\n<meta property=\"og:url\" content=\"https:\/\/mikelbelascoain.com\/en\/luna-negra\/\" \/>\n<meta property=\"og:site_name\" content=\"Mikel Belascoain\" \/>\n<meta property=\"article:modified_time\" content=\"2022-10-10T07:05:00+00:00\" \/>\n<meta name=\"twitter:card\" content=\"summary_large_image\" \/>\n<meta name=\"twitter:label1\" content=\"Estimated reading time\" \/>\n\t<meta name=\"twitter:data1\" content=\"3 minutes\" \/>\n<script type=\"application\/ld+json\" class=\"yoast-schema-graph\">{\"@context\":\"https:\/\/schema.org\",\"@graph\":[{\"@type\":\"WebPage\",\"@id\":\"https:\/\/mikelbelascoain.com\/luna-negra\/\",\"url\":\"https:\/\/mikelbelascoain.com\/luna-negra\/\",\"name\":\"LUNA NEGRA - Mikel Belascoain\",\"isPartOf\":{\"@id\":\"https:\/\/mikelbelascoain.com\/#website\"},\"datePublished\":\"2022-10-10T06:57:44+00:00\",\"dateModified\":\"2022-10-10T07:05:00+00:00\",\"breadcrumb\":{\"@id\":\"https:\/\/mikelbelascoain.com\/luna-negra\/#breadcrumb\"},\"inLanguage\":\"en-GB\",\"potentialAction\":[{\"@type\":\"ReadAction\",\"target\":[\"https:\/\/mikelbelascoain.com\/luna-negra\/\"]}]},{\"@type\":\"BreadcrumbList\",\"@id\":\"https:\/\/mikelbelascoain.com\/luna-negra\/#breadcrumb\",\"itemListElement\":[{\"@type\":\"ListItem\",\"position\":1,\"name\":\"Portada\",\"item\":\"https:\/\/mikelbelascoain.com\/\"},{\"@type\":\"ListItem\",\"position\":2,\"name\":\"LUNA NEGRA\"}]},{\"@type\":\"WebSite\",\"@id\":\"https:\/\/mikelbelascoain.com\/#website\",\"url\":\"https:\/\/mikelbelascoain.com\/\",\"name\":\"Mikel Belascoain\",\"description\":\"\",\"potentialAction\":[{\"@type\":\"SearchAction\",\"target\":{\"@type\":\"EntryPoint\",\"urlTemplate\":\"https:\/\/mikelbelascoain.com\/?s={search_term_string}\"},\"query-input\":{\"@type\":\"PropertyValueSpecification\",\"valueRequired\":true,\"valueName\":\"search_term_string\"}}],\"inLanguage\":\"en-GB\"}]}<\/script>\n<!-- \/ Yoast SEO plugin. -->","yoast_head_json":{"title":"LUNA NEGRA - Mikel Belascoain","robots":{"index":"index","follow":"follow","max-snippet":"max-snippet:-1","max-image-preview":"max-image-preview:large","max-video-preview":"max-video-preview:-1"},"canonical":"https:\/\/mikelbelascoain.com\/en\/luna-negra\/","og_locale":"en_GB","og_type":"article","og_title":"LUNA NEGRA - Mikel Belascoain","og_url":"https:\/\/mikelbelascoain.com\/en\/luna-negra\/","og_site_name":"Mikel Belascoain","article_modified_time":"2022-10-10T07:05:00+00:00","twitter_card":"summary_large_image","twitter_misc":{"Estimated reading time":"3 minutes"},"schema":{"@context":"https:\/\/schema.org","@graph":[{"@type":"WebPage","@id":"https:\/\/mikelbelascoain.com\/luna-negra\/","url":"https:\/\/mikelbelascoain.com\/luna-negra\/","name":"LUNA NEGRA - Mikel Belascoain","isPartOf":{"@id":"https:\/\/mikelbelascoain.com\/#website"},"datePublished":"2022-10-10T06:57:44+00:00","dateModified":"2022-10-10T07:05:00+00:00","breadcrumb":{"@id":"https:\/\/mikelbelascoain.com\/luna-negra\/#breadcrumb"},"inLanguage":"en-GB","potentialAction":[{"@type":"ReadAction","target":["https:\/\/mikelbelascoain.com\/luna-negra\/"]}]},{"@type":"BreadcrumbList","@id":"https:\/\/mikelbelascoain.com\/luna-negra\/#breadcrumb","itemListElement":[{"@type":"ListItem","position":1,"name":"Portada","item":"https:\/\/mikelbelascoain.com\/"},{"@type":"ListItem","position":2,"name":"LUNA NEGRA"}]},{"@type":"WebSite","@id":"https:\/\/mikelbelascoain.com\/#website","url":"https:\/\/mikelbelascoain.com\/","name":"Mikel Belascoain","description":"","potentialAction":[{"@type":"SearchAction","target":{"@type":"EntryPoint","urlTemplate":"https:\/\/mikelbelascoain.com\/?s={search_term_string}"},"query-input":{"@type":"PropertyValueSpecification","valueRequired":true,"valueName":"search_term_string"}}],"inLanguage":"en-GB"}]}},"_links":{"self":[{"href":"https:\/\/mikelbelascoain.com\/en\/wp-json\/wp\/v2\/pages\/744"}],"collection":[{"href":"https:\/\/mikelbelascoain.com\/en\/wp-json\/wp\/v2\/pages"}],"about":[{"href":"https:\/\/mikelbelascoain.com\/en\/wp-json\/wp\/v2\/types\/page"}],"author":[{"embeddable":true,"href":"https:\/\/mikelbelascoain.com\/en\/wp-json\/wp\/v2\/users\/1"}],"replies":[{"embeddable":true,"href":"https:\/\/mikelbelascoain.com\/en\/wp-json\/wp\/v2\/comments?post=744"}],"version-history":[{"count":5,"href":"https:\/\/mikelbelascoain.com\/en\/wp-json\/wp\/v2\/pages\/744\/revisions"}],"predecessor-version":[{"id":766,"href":"https:\/\/mikelbelascoain.com\/en\/wp-json\/wp\/v2\/pages\/744\/revisions\/766"}],"wp:attachment":[{"href":"https:\/\/mikelbelascoain.com\/en\/wp-json\/wp\/v2\/media?parent=744"}],"curies":[{"name":"wp","href":"https:\/\/api.w.org\/{rel}","templated":true}]}}