{"id":714,"date":"2022-10-07T13:07:17","date_gmt":"2022-10-07T13:07:17","guid":{"rendered":"https:\/\/mikelbelascoain.com\/?page_id=714"},"modified":"2022-10-10T06:13:05","modified_gmt":"2022-10-10T06:13:05","slug":"lilura","status":"publish","type":"page","link":"https:\/\/mikelbelascoain.com\/en\/lilura\/","title":{"rendered":"LILURA POEMAS M\u00c1GICOS"},"content":{"rendered":"<div class=\"vc_row wpb_row vc_row-fluid\"><div class=\"wpb_column vc_column_container vc_col-sm-12\"><div class=\"vc_column-inner\"><div class=\"wpb_wrapper\">\n\t<div class=\"wpb_raw_code wpb_content_element wpb_raw_html\" >\n\t\t<div class=\"wpb_wrapper\">\n\t\t\t<div class=\"volver\">\n<a href=\"http:\/\/mikelbelascoain.com\"><<\/a><\/div>\n<div class=\"idioma\"><a title=\"English (UK)\" href=\"\/en\/lilura\/\">en<\/a>\/<a title=\"Spanish (SP)\" href=\"\/lilura\/\">es<\/a><\/div>\n\t\t<\/div>\n\t<\/div>\n<\/div><\/div><\/div><\/div><div class=\"vc_row wpb_row vc_row-fluid\"><div class=\"wpb_column vc_column_container vc_col-sm-6\"><div class=\"vc_column-inner\"><div class=\"wpb_wrapper\">\n\t<div  class=\"wpb_single_image wpb_content_element vc_align_right\">\n\t\t\n\t\t<figure class=\"wpb_wrapper vc_figure\">\n\t\t\t<div class=\"vc_single_image-wrapper   vc_box_border_grey\"><img loading=\"lazy\" decoding=\"async\" width=\"1920\" height=\"1280\" src=\"https:\/\/mikelbelascoain.com\/wp-content\/uploads\/2022\/10\/MB_Bertiz_2022_2000px_0029.jpg\" class=\"vc_single_image-img attachment-full\" alt=\"\" srcset=\"https:\/\/mikelbelascoain.com\/wp-content\/uploads\/2022\/10\/MB_Bertiz_2022_2000px_0029.jpg 1920w, https:\/\/mikelbelascoain.com\/wp-content\/uploads\/2022\/10\/MB_Bertiz_2022_2000px_0029-300x200.jpg 300w, https:\/\/mikelbelascoain.com\/wp-content\/uploads\/2022\/10\/MB_Bertiz_2022_2000px_0029-1024x683.jpg 1024w, https:\/\/mikelbelascoain.com\/wp-content\/uploads\/2022\/10\/MB_Bertiz_2022_2000px_0029-768x512.jpg 768w, https:\/\/mikelbelascoain.com\/wp-content\/uploads\/2022\/10\/MB_Bertiz_2022_2000px_0029-1536x1024.jpg 1536w, https:\/\/mikelbelascoain.com\/wp-content\/uploads\/2022\/10\/MB_Bertiz_2022_2000px_0029-18x12.jpg 18w, https:\/\/mikelbelascoain.com\/wp-content\/uploads\/2022\/10\/MB_Bertiz_2022_2000px_0029-650x433.jpg 650w, https:\/\/mikelbelascoain.com\/wp-content\/uploads\/2022\/10\/MB_Bertiz_2022_2000px_0029-1000x667.jpg 1000w\" sizes=\"(max-width: 1920px) 100vw, 1920px\" \/><\/div>\n\t\t<\/figure>\n\t<\/div>\n<\/div><\/div><\/div><div class=\"wpb_column vc_column_container vc_col-sm-6\"><div class=\"vc_column-inner\"><div class=\"wpb_wrapper\">\n\t<div  class=\"wpb_single_image wpb_content_element vc_align_left\">\n\t\t\n\t\t<figure class=\"wpb_wrapper vc_figure\">\n\t\t\t<div class=\"vc_single_image-wrapper   vc_box_border_grey\"><img loading=\"lazy\" decoding=\"async\" width=\"1920\" height=\"1280\" src=\"https:\/\/mikelbelascoain.com\/wp-content\/uploads\/2022\/10\/MB_Bertiz_2022_2000px_0079.jpg\" class=\"vc_single_image-img attachment-full\" alt=\"\" srcset=\"https:\/\/mikelbelascoain.com\/wp-content\/uploads\/2022\/10\/MB_Bertiz_2022_2000px_0079.jpg 1920w, https:\/\/mikelbelascoain.com\/wp-content\/uploads\/2022\/10\/MB_Bertiz_2022_2000px_0079-300x200.jpg 300w, https:\/\/mikelbelascoain.com\/wp-content\/uploads\/2022\/10\/MB_Bertiz_2022_2000px_0079-1024x683.jpg 1024w, https:\/\/mikelbelascoain.com\/wp-content\/uploads\/2022\/10\/MB_Bertiz_2022_2000px_0079-768x512.jpg 768w, https:\/\/mikelbelascoain.com\/wp-content\/uploads\/2022\/10\/MB_Bertiz_2022_2000px_0079-1536x1024.jpg 1536w, https:\/\/mikelbelascoain.com\/wp-content\/uploads\/2022\/10\/MB_Bertiz_2022_2000px_0079-18x12.jpg 18w, https:\/\/mikelbelascoain.com\/wp-content\/uploads\/2022\/10\/MB_Bertiz_2022_2000px_0079-650x433.jpg 650w, https:\/\/mikelbelascoain.com\/wp-content\/uploads\/2022\/10\/MB_Bertiz_2022_2000px_0079-1000x667.jpg 1000w\" sizes=\"(max-width: 1920px) 100vw, 1920px\" \/><\/div>\n\t\t<\/figure>\n\t<\/div>\n<\/div><\/div><\/div><\/div><div class=\"vc_row wpb_row vc_row-fluid vc_custom_1548927726428\"><div class=\"wpb_column vc_column_container vc_col-sm-12\"><div class=\"vc_column-inner\"><div class=\"wpb_wrapper\">\n\t<div class=\"wpb_text_column wpb_content_element  texto\" >\n\t\t<div class=\"wpb_wrapper\">\n\t\t\t<p>Esta exposici\u00f3n ha formado parte del proyecto Kultur 2022 de Gobierno de Navarra y recorre a trav\u00e9s de distintas obras situadas en los jardines, la sala de exposici\u00f3n y la sala de proyecci\u00f3n audiovisual del Se\u00f1or\u00edo de Bertiz, 10 a\u00f1os de actividad de la F\u00e1brica de Arte Nuevo.<\/p>\n<p>El proyecto expositivo se ha compuesto de pintura, escultura, m\u00fasica, fotograf\u00eda y cine, distribuidas en los jardines, la sala de exposici\u00f3n y la sala de proyecci\u00f3n de B\u00e9rtiz.<\/p>\n<p>01 Julio 20022 a 31 agosto 2022<\/p>\n\n\t\t<\/div>\n\t<\/div>\n<\/div><\/div><\/div><\/div><div class=\"vc_row wpb_row vc_row-fluid\"><div class=\"wpb_column vc_column_container vc_col-sm-12\"><div class=\"vc_column-inner\"><div class=\"wpb_wrapper\">\n\t\t\t<!-- START maga 1 REVOLUTION SLIDER 6.2.5 --><p class=\"rs-p-wp-fix\"><\/p>\n\t\t\t<rs-module-wrap id=\"rev_slider_9_1_wrapper\" data-source=\"gallery\" style=\"background:transparent;padding:0;margin:0px auto;margin-top:0;margin-bottom:0;max-width:;\">\n\t\t\t\t<rs-module id=\"rev_slider_9_1\" style=\"\" data-version=\"6.2.5\">\n\t\t\t\t\t<rs-slides>\n\t\t\t\t\t\t<rs-slide data-key=\"rs-31\" data-title=\"Slide\" data-anim=\"ei:d;eo:d;s:600;r:0;t:fade;sl:d;\">\n\t\t\t\t\t\t\t<img decoding=\"async\" src=\"\/\/mikelbelascoain.com\/wp-content\/plugins\/revslider\/public\/assets\/assets\/transparent.png\" title=\"LILURA POEMAS M\u00c1GICOS\" class=\"rev-slidebg\" data-no-retina>\n<!--\n\t\t\t\t\t\t\t--><rs-layer\n\t\t\t\t\t\t\t\tid=\"slider-9-slide-31-layer-1\" \n\t\t\t\t\t\t\t\tdata-type=\"image\"\n\t\t\t\t\t\t\t\tdata-rsp_ch=\"on\"\n\t\t\t\t\t\t\t\tdata-xy=\"x:c;y:c;\"\n\t\t\t\t\t\t\t\tdata-text=\"l:22;a:inherit;\"\n\t\t\t\t\t\t\t\tdata-dim=\"w:1920px;h:1280px;\"\n\t\t\t\t\t\t\t\tdata-frame_999=\"o:0;st:w;sR:8700;\"\n\t\t\t\t\t\t\t\tstyle=\"z-index:5;\"\n\t\t\t\t\t\t\t><img loading=\"lazy\" decoding=\"async\" src=\"\/\/mikelbelascoain.com\/wp-content\/uploads\/2022\/10\/MB_Bertiz_2022_2000px_0037.jpg\" width=\"1920\" height=\"1280\" data-no-retina> \n\t\t\t\t\t\t\t<\/rs-layer><!--\n-->\t\t\t\t\t\t<\/rs-slide>\n\t\t\t\t\t\t<rs-slide data-key=\"rs-32\" data-title=\"Slide\" data-anim=\"ei:d;eo:d;s:600;r:0;t:fade;sl:d;\">\n\t\t\t\t\t\t\t<img decoding=\"async\" src=\"\/\/mikelbelascoain.com\/wp-content\/plugins\/revslider\/public\/assets\/assets\/transparent.png\" title=\"LILURA POEMAS M\u00c1GICOS\" class=\"rev-slidebg\" data-no-retina>\n<!--\n\t\t\t\t\t\t\t--><rs-layer\n\t\t\t\t\t\t\t\tid=\"slider-9-slide-32-layer-1\" \n\t\t\t\t\t\t\t\tdata-type=\"image\"\n\t\t\t\t\t\t\t\tdata-rsp_ch=\"on\"\n\t\t\t\t\t\t\t\tdata-xy=\"x:c;y:c;\"\n\t\t\t\t\t\t\t\tdata-text=\"l:22;a:inherit;\"\n\t\t\t\t\t\t\t\tdata-dim=\"w:1920px;h:1280px;\"\n\t\t\t\t\t\t\t\tdata-frame_999=\"o:0;st:w;sR:8700;\"\n\t\t\t\t\t\t\t\tstyle=\"z-index:5;\"\n\t\t\t\t\t\t\t><img loading=\"lazy\" decoding=\"async\" src=\"\/\/mikelbelascoain.com\/wp-content\/uploads\/2022\/10\/MB_Bertiz_2022_2000px_0073.jpg\" width=\"1920\" height=\"1280\" data-no-retina> \n\t\t\t\t\t\t\t<\/rs-layer><!--\n-->\t\t\t\t\t\t<\/rs-slide>\n\t\t\t\t\t\t<rs-slide data-key=\"rs-33\" data-title=\"Slide\" data-anim=\"ei:d;eo:d;s:600;r:0;t:fade;sl:d;\">\n\t\t\t\t\t\t\t<img decoding=\"async\" src=\"\/\/mikelbelascoain.com\/wp-content\/plugins\/revslider\/public\/assets\/assets\/transparent.png\" title=\"LILURA POEMAS M\u00c1GICOS\" class=\"rev-slidebg\" data-no-retina>\n<!--\n\t\t\t\t\t\t\t--><rs-layer\n\t\t\t\t\t\t\t\tid=\"slider-9-slide-33-layer-1\" \n\t\t\t\t\t\t\t\tdata-type=\"image\"\n\t\t\t\t\t\t\t\tdata-rsp_ch=\"on\"\n\t\t\t\t\t\t\t\tdata-xy=\"x:c;y:c;\"\n\t\t\t\t\t\t\t\tdata-text=\"l:22;a:inherit;\"\n\t\t\t\t\t\t\t\tdata-dim=\"w:1920px;h:1280px;\"\n\t\t\t\t\t\t\t\tdata-frame_999=\"o:0;st:w;sR:8700;\"\n\t\t\t\t\t\t\t\tstyle=\"z-index:5;\"\n\t\t\t\t\t\t\t><img loading=\"lazy\" decoding=\"async\" src=\"\/\/mikelbelascoain.com\/wp-content\/uploads\/2022\/10\/MB_Bertiz_2022_2000px_0120.jpg\" width=\"1920\" height=\"1280\" data-no-retina> \n\t\t\t\t\t\t\t<\/rs-layer><!--\n-->\t\t\t\t\t\t<\/rs-slide>\n\t\t\t\t\t\t<rs-slide data-key=\"rs-34\" data-title=\"Slide\" data-anim=\"ei:d;eo:d;s:1000;r:0;t:fade;sl:0;\">\n\t\t\t\t\t\t\t<img decoding=\"async\" src=\"\/\/mikelbelascoain.com\/wp-content\/plugins\/revslider\/public\/assets\/assets\/transparent.png\" title=\"LILURA POEMAS M\u00c1GICOS\" class=\"rev-slidebg\" data-no-retina>\n<!--\n\t\t\t\t\t\t\t--><rs-layer\n\t\t\t\t\t\t\t\tid=\"slider-9-slide-34-layer-5\" \n\t\t\t\t\t\t\t\tdata-type=\"image\"\n\t\t\t\t\t\t\t\tdata-rsp_ch=\"on\"\n\t\t\t\t\t\t\t\tdata-xy=\"x:c;y:c;\"\n\t\t\t\t\t\t\t\tdata-text=\"w:normal;\"\n\t\t\t\t\t\t\t\tdata-dim=\"w:1920px;h:1280px;\"\n\t\t\t\t\t\t\t\tdata-frame_999=\"o:0;st:w;\"\n\t\t\t\t\t\t\t\tstyle=\"z-index:5;\"\n\t\t\t\t\t\t\t><img loading=\"lazy\" decoding=\"async\" src=\"\/\/mikelbelascoain.com\/wp-content\/uploads\/2022\/10\/MB_Bertiz_2022_2000px_0110.jpg\" width=\"1920\" height=\"1280\" data-no-retina> \n\t\t\t\t\t\t\t<\/rs-layer><!--\n-->\t\t\t\t\t\t<\/rs-slide>\n\t\t\t\t\t\t<rs-slide data-key=\"rs-35\" data-title=\"Slide\" data-anim=\"ei:d;eo:d;s:1000;r:0;t:fade;sl:0;\">\n\t\t\t\t\t\t\t<img decoding=\"async\" src=\"\/\/mikelbelascoain.com\/wp-content\/plugins\/revslider\/public\/assets\/assets\/transparent.png\" title=\"LILURA POEMAS M\u00c1GICOS\" class=\"rev-slidebg\" data-no-retina>\n<!--\n\t\t\t\t\t\t\t--><rs-layer\n\t\t\t\t\t\t\t\tid=\"slider-9-slide-35-layer-6\" \n\t\t\t\t\t\t\t\tdata-type=\"image\"\n\t\t\t\t\t\t\t\tdata-rsp_ch=\"on\"\n\t\t\t\t\t\t\t\tdata-xy=\"x:c;xo:-164px;y:c;yo:9px;\"\n\t\t\t\t\t\t\t\tdata-text=\"w:normal;\"\n\t\t\t\t\t\t\t\tdata-dim=\"w:1920px;h:1280px;\"\n\t\t\t\t\t\t\t\tdata-frame_999=\"o:0;st:w;\"\n\t\t\t\t\t\t\t\tstyle=\"z-index:5;\"\n\t\t\t\t\t\t\t><img loading=\"lazy\" decoding=\"async\" src=\"\/\/mikelbelascoain.com\/wp-content\/uploads\/2022\/10\/MB_Bertiz_2022_2000px_0130.jpg\" width=\"1920\" height=\"1280\" data-no-retina> \n\t\t\t\t\t\t\t<\/rs-layer><!--\n-->\t\t\t\t\t\t<\/rs-slide>\n\t\t\t\t\t<\/rs-slides>\n\t\t\t\t\t<rs-progress class=\"rs-bottom\" style=\"visibility: hidden !important;\"><\/rs-progress>\n\t\t\t\t<\/rs-module>\n\t\t\t\t<script type=\"text\/javascript\">\n\t\t\t\t\tsetREVStartSize({c: 'rev_slider_9_1',rl:[1240,1024,778,480],el:[868],gw:[1240],gh:[868],type:'standard',justify:'',layout:'fullwidth',mh:\"0\"});\n\t\t\t\t\tvar\trevapi9,\n\t\t\t\t\t\ttpj;\n\t\t\t\t\tjQuery(function() {\n\t\t\t\t\t\ttpj = jQuery;\n\t\t\t\t\t\trevapi9 = tpj(\"#rev_slider_9_1\")\n\t\t\t\t\t\tif(revapi9==undefined || revapi9.revolution == undefined){\n\t\t\t\t\t\t\trevslider_showDoubleJqueryError(\"rev_slider_9_1\");\n\t\t\t\t\t\t}else{\n\t\t\t\t\t\t\trevapi9.revolution({\n\t\t\t\t\t\t\t\tvisibilityLevels:\"1240,1024,778,480\",\n\t\t\t\t\t\t\t\tgridwidth:1240,\n\t\t\t\t\t\t\t\tgridheight:868,\n\t\t\t\t\t\t\t\tspinner:\"spinner0\",\n\t\t\t\t\t\t\t\tperspective:600,\n\t\t\t\t\t\t\t\tperspectiveType:\"local\",\n\t\t\t\t\t\t\t\teditorheight:\"868,768,960,720\",\n\t\t\t\t\t\t\t\tresponsiveLevels:\"1240,1024,778,480\",\n\t\t\t\t\t\t\t\tdisableProgressBar:\"on\",\n\t\t\t\t\t\t\t\tnavigation: {\n\t\t\t\t\t\t\t\t\tmouseScrollNavigation:false,\n\t\t\t\t\t\t\t\t\tonHoverStop:false,\n\t\t\t\t\t\t\t\t\tarrows: {\n\t\t\t\t\t\t\t\t\t\tenable:true,\n\t\t\t\t\t\t\t\t\t\tstyle:\"uranus\",\n\t\t\t\t\t\t\t\t\t\tleft: {\n\n\t\t\t\t\t\t\t\t\t\t},\n\t\t\t\t\t\t\t\t\t\tright: {\n\n\t\t\t\t\t\t\t\t\t\t}\n\t\t\t\t\t\t\t\t\t}\n\t\t\t\t\t\t\t\t},\n\t\t\t\t\t\t\t\tfallbacks: {\n\t\t\t\t\t\t\t\t\tallowHTML5AutoPlayOnAndroid:true\n\t\t\t\t\t\t\t\t},\n\t\t\t\t\t\t\t});\n\t\t\t\t\t\t}\n\t\t\t\t\t\t\n\t\t\t\t\t});\n\t\t\t\t<\/script>\n\t\t\t\t<script>\n\t\t\t\t\tvar htmlDivCss = unescape(\"%23rev_slider_9_1_wrapper%20.uranus.tparrows%20%7B%0A%20%20width%3A50px%3B%0A%20%20height%3A50px%3B%0A%20%20background%3Argba%28255%2C255%2C255%2C0%29%3B%0A%20%7D%0A%20%23rev_slider_9_1_wrapper%20.uranus.tparrows%3Abefore%20%7B%0A%20width%3A50px%3B%0A%20height%3A50px%3B%0A%20line-height%3A50px%3B%0A%20font-size%3A40px%3B%0A%20transition%3Aall%200.3s%3B%0A-webkit-transition%3Aall%200.3s%3B%0A%20%7D%0A%20%0A%20%20%23rev_slider_9_1_wrapper%20.uranus.tparrows%3Ahover%3Abefore%20%7B%0A%20%20%20%20opacity%3A0.75%3B%0A%20%20%7D%0A\");\n\t\t\t\t\tvar htmlDiv = document.getElementById('rs-plugin-settings-inline-css');\n\t\t\t\t\tif(htmlDiv) {\n\t\t\t\t\t\thtmlDiv.innerHTML = htmlDiv.innerHTML + htmlDivCss;\n\t\t\t\t\t}else{\n\t\t\t\t\t\tvar htmlDiv = document.createElement('div');\n\t\t\t\t\t\thtmlDiv.innerHTML = '<style>' + htmlDivCss + '<\/style>';\n\t\t\t\t\t\tdocument.getElementsByTagName('head')[0].appendChild(htmlDiv.childNodes[0]);\n\t\t\t\t\t}\n\t\t\t\t<\/script>\n\t\t\t\t<script>\n\t\t\t\t\tvar htmlDivCss = unescape(\"%0A%0A%0A%0A%0A\");\n\t\t\t\t\tvar htmlDiv = document.getElementById('rs-plugin-settings-inline-css');\n\t\t\t\t\tif(htmlDiv) {\n\t\t\t\t\t\thtmlDiv.innerHTML = htmlDiv.innerHTML + htmlDivCss;\n\t\t\t\t\t}else{\n\t\t\t\t\t\tvar htmlDiv = document.createElement('div');\n\t\t\t\t\t\thtmlDiv.innerHTML = '<style>' + htmlDivCss + '<\/style>';\n\t\t\t\t\t\tdocument.getElementsByTagName('head')[0].appendChild(htmlDiv.childNodes[0]);\n\t\t\t\t\t}\n\t\t\t\t<\/script>\n\t\t\t<\/rs-module-wrap>\n\t\t\t<!-- END REVOLUTION SLIDER -->\n<\/div><\/div><\/div><\/div><div class=\"vc_row wpb_row vc_row-fluid vc_custom_1665382382020\"><div class=\"wpb_column vc_column_container vc_col-sm-4\"><div class=\"vc_column-inner\"><div class=\"wpb_wrapper\">\n\t<div  class=\"wpb_single_image wpb_content_element vc_align_right\">\n\t\t\n\t\t<figure class=\"wpb_wrapper vc_figure\">\n\t\t\t<div class=\"vc_single_image-wrapper   vc_box_border_grey\"><img loading=\"lazy\" decoding=\"async\" width=\"1920\" height=\"1280\" src=\"https:\/\/mikelbelascoain.com\/wp-content\/uploads\/2022\/10\/MB_Bertiz_2022_2000px_0071.jpg\" class=\"vc_single_image-img attachment-full\" alt=\"\" srcset=\"https:\/\/mikelbelascoain.com\/wp-content\/uploads\/2022\/10\/MB_Bertiz_2022_2000px_0071.jpg 1920w, https:\/\/mikelbelascoain.com\/wp-content\/uploads\/2022\/10\/MB_Bertiz_2022_2000px_0071-300x200.jpg 300w, https:\/\/mikelbelascoain.com\/wp-content\/uploads\/2022\/10\/MB_Bertiz_2022_2000px_0071-1024x683.jpg 1024w, https:\/\/mikelbelascoain.com\/wp-content\/uploads\/2022\/10\/MB_Bertiz_2022_2000px_0071-768x512.jpg 768w, https:\/\/mikelbelascoain.com\/wp-content\/uploads\/2022\/10\/MB_Bertiz_2022_2000px_0071-1536x1024.jpg 1536w, https:\/\/mikelbelascoain.com\/wp-content\/uploads\/2022\/10\/MB_Bertiz_2022_2000px_0071-18x12.jpg 18w, https:\/\/mikelbelascoain.com\/wp-content\/uploads\/2022\/10\/MB_Bertiz_2022_2000px_0071-650x433.jpg 650w, https:\/\/mikelbelascoain.com\/wp-content\/uploads\/2022\/10\/MB_Bertiz_2022_2000px_0071-1000x667.jpg 1000w\" sizes=\"(max-width: 1920px) 100vw, 1920px\" \/><\/div>\n\t\t<\/figure>\n\t<\/div>\n<\/div><\/div><\/div><div class=\"wpb_column vc_column_container vc_col-sm-4\"><div class=\"vc_column-inner\"><div class=\"wpb_wrapper\">\n\t<div  class=\"wpb_single_image wpb_content_element vc_align_left\">\n\t\t\n\t\t<figure class=\"wpb_wrapper vc_figure\">\n\t\t\t<div class=\"vc_single_image-wrapper   vc_box_border_grey\"><img loading=\"lazy\" decoding=\"async\" width=\"1920\" height=\"1280\" src=\"https:\/\/mikelbelascoain.com\/wp-content\/uploads\/2022\/10\/MB_Bertiz_2022_2000px_0105.jpg\" class=\"vc_single_image-img attachment-full\" alt=\"\" srcset=\"https:\/\/mikelbelascoain.com\/wp-content\/uploads\/2022\/10\/MB_Bertiz_2022_2000px_0105.jpg 1920w, https:\/\/mikelbelascoain.com\/wp-content\/uploads\/2022\/10\/MB_Bertiz_2022_2000px_0105-300x200.jpg 300w, https:\/\/mikelbelascoain.com\/wp-content\/uploads\/2022\/10\/MB_Bertiz_2022_2000px_0105-1024x683.jpg 1024w, https:\/\/mikelbelascoain.com\/wp-content\/uploads\/2022\/10\/MB_Bertiz_2022_2000px_0105-768x512.jpg 768w, https:\/\/mikelbelascoain.com\/wp-content\/uploads\/2022\/10\/MB_Bertiz_2022_2000px_0105-1536x1024.jpg 1536w, https:\/\/mikelbelascoain.com\/wp-content\/uploads\/2022\/10\/MB_Bertiz_2022_2000px_0105-18x12.jpg 18w, https:\/\/mikelbelascoain.com\/wp-content\/uploads\/2022\/10\/MB_Bertiz_2022_2000px_0105-650x433.jpg 650w, https:\/\/mikelbelascoain.com\/wp-content\/uploads\/2022\/10\/MB_Bertiz_2022_2000px_0105-1000x667.jpg 1000w\" sizes=\"(max-width: 1920px) 100vw, 1920px\" \/><\/div>\n\t\t<\/figure>\n\t<\/div>\n<\/div><\/div><\/div><div class=\"wpb_column vc_column_container vc_col-sm-4\"><div class=\"vc_column-inner\"><div class=\"wpb_wrapper\">\n\t<div  class=\"wpb_single_image wpb_content_element vc_align_left\">\n\t\t\n\t\t<figure class=\"wpb_wrapper vc_figure\">\n\t\t\t<div class=\"vc_single_image-wrapper   vc_box_border_grey\"><img loading=\"lazy\" decoding=\"async\" width=\"1920\" height=\"1280\" src=\"https:\/\/mikelbelascoain.com\/wp-content\/uploads\/2022\/10\/MB_Bertiz_2022_2000px_0102.jpg\" class=\"vc_single_image-img attachment-full\" alt=\"\" srcset=\"https:\/\/mikelbelascoain.com\/wp-content\/uploads\/2022\/10\/MB_Bertiz_2022_2000px_0102.jpg 1920w, https:\/\/mikelbelascoain.com\/wp-content\/uploads\/2022\/10\/MB_Bertiz_2022_2000px_0102-300x200.jpg 300w, https:\/\/mikelbelascoain.com\/wp-content\/uploads\/2022\/10\/MB_Bertiz_2022_2000px_0102-1024x683.jpg 1024w, https:\/\/mikelbelascoain.com\/wp-content\/uploads\/2022\/10\/MB_Bertiz_2022_2000px_0102-768x512.jpg 768w, https:\/\/mikelbelascoain.com\/wp-content\/uploads\/2022\/10\/MB_Bertiz_2022_2000px_0102-1536x1024.jpg 1536w, https:\/\/mikelbelascoain.com\/wp-content\/uploads\/2022\/10\/MB_Bertiz_2022_2000px_0102-18x12.jpg 18w, https:\/\/mikelbelascoain.com\/wp-content\/uploads\/2022\/10\/MB_Bertiz_2022_2000px_0102-650x433.jpg 650w, https:\/\/mikelbelascoain.com\/wp-content\/uploads\/2022\/10\/MB_Bertiz_2022_2000px_0102-1000x667.jpg 1000w\" sizes=\"(max-width: 1920px) 100vw, 1920px\" \/><\/div>\n\t\t<\/figure>\n\t<\/div>\n<\/div><\/div><\/div><\/div><div class=\"vc_row wpb_row vc_row-fluid vc_custom_1548402079909\"><div class=\"wpb_column vc_column_container vc_col-sm-12\"><div class=\"vc_column-inner\"><div class=\"wpb_wrapper\">\n\t<div class=\"wpb_text_column wpb_content_element \" >\n\t\t<div class=\"wpb_wrapper\">\n\t\t\t<h6 style=\"text-align: center;\"><a href=\"\/pueblo\">Siguiente Proyecto<\/a><\/h6>\n\n\t\t<\/div>\n\t<\/div>\n<\/div><\/div><\/div><\/div>\n","protected":false},"excerpt":{"rendered":"","protected":false},"author":1,"featured_media":0,"parent":0,"menu_order":0,"comment_status":"closed","ping_status":"closed","template":"","meta":{"inline_featured_image":false,"footnotes":""},"yoast_head":"<!-- This site is optimized with the Yoast SEO plugin v24.5 - https:\/\/yoast.com\/wordpress\/plugins\/seo\/ -->\n<title>LILURA POEMAS M\u00c1GICOS - Mikel Belascoain<\/title>\n<meta name=\"robots\" content=\"index, follow, max-snippet:-1, max-image-preview:large, max-video-preview:-1\" \/>\n<link rel=\"canonical\" href=\"https:\/\/mikelbelascoain.com\/en\/lilura\/\" \/>\n<meta property=\"og:locale\" content=\"en_GB\" \/>\n<meta property=\"og:type\" content=\"article\" \/>\n<meta property=\"og:title\" content=\"LILURA POEMAS M\u00c1GICOS - Mikel Belascoain\" \/>\n<meta property=\"og:url\" content=\"https:\/\/mikelbelascoain.com\/en\/lilura\/\" \/>\n<meta property=\"og:site_name\" content=\"Mikel Belascoain\" \/>\n<meta property=\"article:modified_time\" content=\"2022-10-10T06:13:05+00:00\" \/>\n<meta name=\"twitter:card\" content=\"summary_large_image\" \/>\n<meta name=\"twitter:label1\" content=\"Estimated reading time\" \/>\n\t<meta name=\"twitter:data1\" content=\"1 minute\" \/>\n<script type=\"application\/ld+json\" class=\"yoast-schema-graph\">{\"@context\":\"https:\/\/schema.org\",\"@graph\":[{\"@type\":\"WebPage\",\"@id\":\"https:\/\/mikelbelascoain.com\/lilura\/\",\"url\":\"https:\/\/mikelbelascoain.com\/lilura\/\",\"name\":\"LILURA POEMAS M\u00c1GICOS - Mikel Belascoain\",\"isPartOf\":{\"@id\":\"https:\/\/mikelbelascoain.com\/#website\"},\"datePublished\":\"2022-10-07T13:07:17+00:00\",\"dateModified\":\"2022-10-10T06:13:05+00:00\",\"breadcrumb\":{\"@id\":\"https:\/\/mikelbelascoain.com\/lilura\/#breadcrumb\"},\"inLanguage\":\"en-GB\",\"potentialAction\":[{\"@type\":\"ReadAction\",\"target\":[\"https:\/\/mikelbelascoain.com\/lilura\/\"]}]},{\"@type\":\"BreadcrumbList\",\"@id\":\"https:\/\/mikelbelascoain.com\/lilura\/#breadcrumb\",\"itemListElement\":[{\"@type\":\"ListItem\",\"position\":1,\"name\":\"Portada\",\"item\":\"https:\/\/mikelbelascoain.com\/\"},{\"@type\":\"ListItem\",\"position\":2,\"name\":\"LILURA POEMAS M\u00c1GICOS\"}]},{\"@type\":\"WebSite\",\"@id\":\"https:\/\/mikelbelascoain.com\/#website\",\"url\":\"https:\/\/mikelbelascoain.com\/\",\"name\":\"Mikel Belascoain\",\"description\":\"\",\"potentialAction\":[{\"@type\":\"SearchAction\",\"target\":{\"@type\":\"EntryPoint\",\"urlTemplate\":\"https:\/\/mikelbelascoain.com\/?s={search_term_string}\"},\"query-input\":{\"@type\":\"PropertyValueSpecification\",\"valueRequired\":true,\"valueName\":\"search_term_string\"}}],\"inLanguage\":\"en-GB\"}]}<\/script>\n<!-- \/ Yoast SEO plugin. -->","yoast_head_json":{"title":"LILURA POEMAS M\u00c1GICOS - Mikel Belascoain","robots":{"index":"index","follow":"follow","max-snippet":"max-snippet:-1","max-image-preview":"max-image-preview:large","max-video-preview":"max-video-preview:-1"},"canonical":"https:\/\/mikelbelascoain.com\/en\/lilura\/","og_locale":"en_GB","og_type":"article","og_title":"LILURA POEMAS M\u00c1GICOS - Mikel Belascoain","og_url":"https:\/\/mikelbelascoain.com\/en\/lilura\/","og_site_name":"Mikel Belascoain","article_modified_time":"2022-10-10T06:13:05+00:00","twitter_card":"summary_large_image","twitter_misc":{"Estimated reading time":"1 minute"},"schema":{"@context":"https:\/\/schema.org","@graph":[{"@type":"WebPage","@id":"https:\/\/mikelbelascoain.com\/lilura\/","url":"https:\/\/mikelbelascoain.com\/lilura\/","name":"LILURA POEMAS M\u00c1GICOS - Mikel Belascoain","isPartOf":{"@id":"https:\/\/mikelbelascoain.com\/#website"},"datePublished":"2022-10-07T13:07:17+00:00","dateModified":"2022-10-10T06:13:05+00:00","breadcrumb":{"@id":"https:\/\/mikelbelascoain.com\/lilura\/#breadcrumb"},"inLanguage":"en-GB","potentialAction":[{"@type":"ReadAction","target":["https:\/\/mikelbelascoain.com\/lilura\/"]}]},{"@type":"BreadcrumbList","@id":"https:\/\/mikelbelascoain.com\/lilura\/#breadcrumb","itemListElement":[{"@type":"ListItem","position":1,"name":"Portada","item":"https:\/\/mikelbelascoain.com\/"},{"@type":"ListItem","position":2,"name":"LILURA POEMAS M\u00c1GICOS"}]},{"@type":"WebSite","@id":"https:\/\/mikelbelascoain.com\/#website","url":"https:\/\/mikelbelascoain.com\/","name":"Mikel Belascoain","description":"","potentialAction":[{"@type":"SearchAction","target":{"@type":"EntryPoint","urlTemplate":"https:\/\/mikelbelascoain.com\/?s={search_term_string}"},"query-input":{"@type":"PropertyValueSpecification","valueRequired":true,"valueName":"search_term_string"}}],"inLanguage":"en-GB"}]}},"_links":{"self":[{"href":"https:\/\/mikelbelascoain.com\/en\/wp-json\/wp\/v2\/pages\/714"}],"collection":[{"href":"https:\/\/mikelbelascoain.com\/en\/wp-json\/wp\/v2\/pages"}],"about":[{"href":"https:\/\/mikelbelascoain.com\/en\/wp-json\/wp\/v2\/types\/page"}],"author":[{"embeddable":true,"href":"https:\/\/mikelbelascoain.com\/en\/wp-json\/wp\/v2\/users\/1"}],"replies":[{"embeddable":true,"href":"https:\/\/mikelbelascoain.com\/en\/wp-json\/wp\/v2\/comments?post=714"}],"version-history":[{"count":4,"href":"https:\/\/mikelbelascoain.com\/en\/wp-json\/wp\/v2\/pages\/714\/revisions"}],"predecessor-version":[{"id":732,"href":"https:\/\/mikelbelascoain.com\/en\/wp-json\/wp\/v2\/pages\/714\/revisions\/732"}],"wp:attachment":[{"href":"https:\/\/mikelbelascoain.com\/en\/wp-json\/wp\/v2\/media?parent=714"}],"curies":[{"name":"wp","href":"https:\/\/api.w.org\/{rel}","templated":true}]}}