{"id":701,"date":"2022-10-07T12:18:27","date_gmt":"2022-10-07T12:18:27","guid":{"rendered":"https:\/\/mikelbelascoain.com\/?page_id=701"},"modified":"2022-10-07T12:18:27","modified_gmt":"2022-10-07T12:18:27","slug":"andromeda","status":"publish","type":"page","link":"https:\/\/mikelbelascoain.com\/en\/andromeda\/","title":{"rendered":"ANDR\u00d3MEDA"},"content":{"rendered":"<div class=\"vc_row wpb_row vc_row-fluid\"><div class=\"wpb_column vc_column_container vc_col-sm-12\"><div class=\"vc_column-inner\"><div class=\"wpb_wrapper\">\n\t<div class=\"wpb_raw_code wpb_content_element wpb_raw_html\" >\n\t\t<div class=\"wpb_wrapper\">\n\t\t\t<div class=\"volver\">\n<a href=\"http:\/\/mikelbelascoain.com\"><<\/a><\/div>\n<div class=\"idioma\"><a title=\"English (UK)\" href=\"\/en\/andromeda\/\">en<\/a>\/<a title=\"Spanish (SP)\" href=\"\/andromeda\/\">es<\/a><\/div>\n\t\t<\/div>\n\t<\/div>\n<\/div><\/div><\/div><\/div><div class=\"vc_row wpb_row vc_row-fluid\"><div class=\"wpb_column vc_column_container vc_col-sm-12\"><div class=\"vc_column-inner\"><div class=\"wpb_wrapper\">\n\t<div  class=\"wpb_single_image wpb_content_element vc_align_center\">\n\t\t\n\t\t<figure class=\"wpb_wrapper vc_figure\">\n\t\t\t<div class=\"vc_single_image-wrapper   vc_box_border_grey\"><img loading=\"lazy\" decoding=\"async\" width=\"1920\" height=\"1440\" src=\"https:\/\/mikelbelascoain.com\/wp-content\/uploads\/2022\/10\/2.jpg\" class=\"vc_single_image-img attachment-full\" alt=\"\" srcset=\"https:\/\/mikelbelascoain.com\/wp-content\/uploads\/2022\/10\/2.jpg 1920w, https:\/\/mikelbelascoain.com\/wp-content\/uploads\/2022\/10\/2-300x225.jpg 300w, https:\/\/mikelbelascoain.com\/wp-content\/uploads\/2022\/10\/2-1024x768.jpg 1024w, https:\/\/mikelbelascoain.com\/wp-content\/uploads\/2022\/10\/2-768x576.jpg 768w, https:\/\/mikelbelascoain.com\/wp-content\/uploads\/2022\/10\/2-1536x1152.jpg 1536w, https:\/\/mikelbelascoain.com\/wp-content\/uploads\/2022\/10\/2-16x12.jpg 16w, https:\/\/mikelbelascoain.com\/wp-content\/uploads\/2022\/10\/2-650x488.jpg 650w, https:\/\/mikelbelascoain.com\/wp-content\/uploads\/2022\/10\/2-1000x750.jpg 1000w\" sizes=\"(max-width: 1920px) 100vw, 1920px\" \/><\/div>\n\t\t<\/figure>\n\t<\/div>\n<\/div><\/div><\/div><\/div><div class=\"vc_row wpb_row vc_row-fluid vc_custom_1548927726428\"><div class=\"wpb_column vc_column_container vc_col-sm-12\"><div class=\"vc_column-inner\"><div class=\"wpb_wrapper\">\n\t<div class=\"wpb_text_column wpb_content_element  texto\" >\n\t\t<div class=\"wpb_wrapper\">\n\t\t\t<p>Andr\u00f3meda es el objeto visible a simple vista m\u00e1s lejano de la Tierra. Es una galaxia espiral con un di\u00e1metro de doscientos veinte mil a\u00f1os luz. Andr\u00f3meda se est\u00e1 acercando a nuestra galaxia, la v\u00eda l\u00e1ctea y se prev\u00e9 que se acaben por fusionar. Su nobre proviene de la mitolog\u00eda griega, Andr\u00f3meda era la hija de los reyes m\u00edticos de Etiop\u00eda, Cefeo y Casiopea.<\/p>\n<p>La propuesta consiste en una instalaci\u00f3n pop, a modo de galaxia colorista adaptada al espacio, que busca un acercamiento de la cultural pop centada en la mujer (en todo su espectro, pop, rock, punk, electr\u00f3nica, emperimental etc) al ciudadano.<\/p>\n<p>Se trata de una propuesta vitalista y una explosi\u00f3n de color y optimismo.<\/p>\n<p>La instalaci\u00f3n se conforma con iconograf\u00eda femenina de la cultura popular internacional: Madonna, Patti Smith, Sinead O\u00b4Connor, Yoko Ono y Dolores O\u00b4Riordan, entre otras, completada por numerosos iconos coloristas de estrellas y galaxias.<\/p>\n<p>Fotograf\u00edas instalaci\u00f3n en Civivox Condestable. A\u00f1o 2022.<\/p>\n\n\t\t<\/div>\n\t<\/div>\n<\/div><\/div><\/div><\/div><div class=\"vc_row wpb_row vc_row-fluid\"><div class=\"wpb_column vc_column_container vc_col-sm-6\"><div class=\"vc_column-inner\"><div class=\"wpb_wrapper\">\n\t<div  class=\"wpb_single_image wpb_content_element vc_align_right\">\n\t\t\n\t\t<figure class=\"wpb_wrapper vc_figure\">\n\t\t\t<div class=\"vc_single_image-wrapper   vc_box_border_grey\"><img loading=\"lazy\" decoding=\"async\" width=\"1440\" height=\"1920\" src=\"https:\/\/mikelbelascoain.com\/wp-content\/uploads\/2022\/10\/3.jpg\" class=\"vc_single_image-img attachment-full\" alt=\"\" srcset=\"https:\/\/mikelbelascoain.com\/wp-content\/uploads\/2022\/10\/3.jpg 1440w, https:\/\/mikelbelascoain.com\/wp-content\/uploads\/2022\/10\/3-225x300.jpg 225w, https:\/\/mikelbelascoain.com\/wp-content\/uploads\/2022\/10\/3-768x1024.jpg 768w, https:\/\/mikelbelascoain.com\/wp-content\/uploads\/2022\/10\/3-1152x1536.jpg 1152w, https:\/\/mikelbelascoain.com\/wp-content\/uploads\/2022\/10\/3-9x12.jpg 9w, https:\/\/mikelbelascoain.com\/wp-content\/uploads\/2022\/10\/3-650x867.jpg 650w, https:\/\/mikelbelascoain.com\/wp-content\/uploads\/2022\/10\/3-1000x1333.jpg 1000w\" sizes=\"(max-width: 1440px) 100vw, 1440px\" \/><\/div>\n\t\t<\/figure>\n\t<\/div>\n<\/div><\/div><\/div><div class=\"wpb_column vc_column_container vc_col-sm-6\"><div class=\"vc_column-inner\"><div class=\"wpb_wrapper\">\n\t<div  class=\"wpb_single_image wpb_content_element vc_align_left\">\n\t\t\n\t\t<figure class=\"wpb_wrapper vc_figure\">\n\t\t\t<div class=\"vc_single_image-wrapper   vc_box_border_grey\"><img loading=\"lazy\" decoding=\"async\" width=\"1440\" height=\"1920\" src=\"https:\/\/mikelbelascoain.com\/wp-content\/uploads\/2022\/10\/4.jpg\" class=\"vc_single_image-img attachment-full\" alt=\"\" srcset=\"https:\/\/mikelbelascoain.com\/wp-content\/uploads\/2022\/10\/4.jpg 1440w, https:\/\/mikelbelascoain.com\/wp-content\/uploads\/2022\/10\/4-225x300.jpg 225w, https:\/\/mikelbelascoain.com\/wp-content\/uploads\/2022\/10\/4-768x1024.jpg 768w, https:\/\/mikelbelascoain.com\/wp-content\/uploads\/2022\/10\/4-1152x1536.jpg 1152w, https:\/\/mikelbelascoain.com\/wp-content\/uploads\/2022\/10\/4-9x12.jpg 9w, https:\/\/mikelbelascoain.com\/wp-content\/uploads\/2022\/10\/4-650x867.jpg 650w, https:\/\/mikelbelascoain.com\/wp-content\/uploads\/2022\/10\/4-1000x1333.jpg 1000w\" sizes=\"(max-width: 1440px) 100vw, 1440px\" \/><\/div>\n\t\t<\/figure>\n\t<\/div>\n<\/div><\/div><\/div><\/div><div class=\"vc_row wpb_row vc_row-fluid\"><div class=\"wpb_column vc_column_container vc_col-sm-4\"><div class=\"vc_column-inner\"><div class=\"wpb_wrapper\">\n\t<div  class=\"wpb_single_image wpb_content_element vc_align_right\">\n\t\t\n\t\t<figure class=\"wpb_wrapper vc_figure\">\n\t\t\t<div class=\"vc_single_image-wrapper   vc_box_border_grey\"><img loading=\"lazy\" decoding=\"async\" width=\"1080\" height=\"1080\" src=\"https:\/\/mikelbelascoain.com\/wp-content\/uploads\/2022\/10\/10.jpg\" class=\"vc_single_image-img attachment-full\" alt=\"\" srcset=\"https:\/\/mikelbelascoain.com\/wp-content\/uploads\/2022\/10\/10.jpg 1080w, https:\/\/mikelbelascoain.com\/wp-content\/uploads\/2022\/10\/10-300x300.jpg 300w, https:\/\/mikelbelascoain.com\/wp-content\/uploads\/2022\/10\/10-1024x1024.jpg 1024w, https:\/\/mikelbelascoain.com\/wp-content\/uploads\/2022\/10\/10-150x150.jpg 150w, https:\/\/mikelbelascoain.com\/wp-content\/uploads\/2022\/10\/10-768x768.jpg 768w, https:\/\/mikelbelascoain.com\/wp-content\/uploads\/2022\/10\/10-12x12.jpg 12w, https:\/\/mikelbelascoain.com\/wp-content\/uploads\/2022\/10\/10-650x650.jpg 650w, https:\/\/mikelbelascoain.com\/wp-content\/uploads\/2022\/10\/10-1000x1000.jpg 1000w\" sizes=\"(max-width: 1080px) 100vw, 1080px\" \/><\/div>\n\t\t<\/figure>\n\t<\/div>\n<\/div><\/div><\/div><div class=\"wpb_column vc_column_container vc_col-sm-4\"><div class=\"vc_column-inner\"><div class=\"wpb_wrapper\">\n\t<div  class=\"wpb_single_image wpb_content_element vc_align_left\">\n\t\t\n\t\t<figure class=\"wpb_wrapper vc_figure\">\n\t\t\t<div class=\"vc_single_image-wrapper   vc_box_border_grey\"><img loading=\"lazy\" decoding=\"async\" width=\"1080\" height=\"1080\" src=\"https:\/\/mikelbelascoain.com\/wp-content\/uploads\/2022\/10\/11.jpg\" class=\"vc_single_image-img attachment-full\" alt=\"\" srcset=\"https:\/\/mikelbelascoain.com\/wp-content\/uploads\/2022\/10\/11.jpg 1080w, https:\/\/mikelbelascoain.com\/wp-content\/uploads\/2022\/10\/11-300x300.jpg 300w, https:\/\/mikelbelascoain.com\/wp-content\/uploads\/2022\/10\/11-1024x1024.jpg 1024w, https:\/\/mikelbelascoain.com\/wp-content\/uploads\/2022\/10\/11-150x150.jpg 150w, https:\/\/mikelbelascoain.com\/wp-content\/uploads\/2022\/10\/11-768x768.jpg 768w, https:\/\/mikelbelascoain.com\/wp-content\/uploads\/2022\/10\/11-12x12.jpg 12w, https:\/\/mikelbelascoain.com\/wp-content\/uploads\/2022\/10\/11-650x650.jpg 650w, https:\/\/mikelbelascoain.com\/wp-content\/uploads\/2022\/10\/11-1000x1000.jpg 1000w\" sizes=\"(max-width: 1080px) 100vw, 1080px\" \/><\/div>\n\t\t<\/figure>\n\t<\/div>\n<\/div><\/div><\/div><div class=\"wpb_column vc_column_container vc_col-sm-4\"><div class=\"vc_column-inner\"><div class=\"wpb_wrapper\">\n\t<div  class=\"wpb_single_image wpb_content_element vc_align_left\">\n\t\t\n\t\t<figure class=\"wpb_wrapper vc_figure\">\n\t\t\t<div class=\"vc_single_image-wrapper   vc_box_border_grey\"><img loading=\"lazy\" decoding=\"async\" width=\"1080\" height=\"1080\" src=\"https:\/\/mikelbelascoain.com\/wp-content\/uploads\/2022\/10\/15.jpg\" class=\"vc_single_image-img attachment-full\" alt=\"\" srcset=\"https:\/\/mikelbelascoain.com\/wp-content\/uploads\/2022\/10\/15.jpg 1080w, https:\/\/mikelbelascoain.com\/wp-content\/uploads\/2022\/10\/15-300x300.jpg 300w, https:\/\/mikelbelascoain.com\/wp-content\/uploads\/2022\/10\/15-1024x1024.jpg 1024w, https:\/\/mikelbelascoain.com\/wp-content\/uploads\/2022\/10\/15-150x150.jpg 150w, https:\/\/mikelbelascoain.com\/wp-content\/uploads\/2022\/10\/15-768x768.jpg 768w, https:\/\/mikelbelascoain.com\/wp-content\/uploads\/2022\/10\/15-12x12.jpg 12w, https:\/\/mikelbelascoain.com\/wp-content\/uploads\/2022\/10\/15-650x650.jpg 650w, https:\/\/mikelbelascoain.com\/wp-content\/uploads\/2022\/10\/15-1000x1000.jpg 1000w\" sizes=\"(max-width: 1080px) 100vw, 1080px\" \/><\/div>\n\t\t<\/figure>\n\t<\/div>\n<\/div><\/div><\/div><\/div><div class=\"vc_row wpb_row vc_row-fluid\"><div class=\"wpb_column vc_column_container vc_col-sm-3\"><div class=\"vc_column-inner\"><div class=\"wpb_wrapper\">\n\t<div  class=\"wpb_single_image wpb_content_element vc_align_right\">\n\t\t\n\t\t<figure class=\"wpb_wrapper vc_figure\">\n\t\t\t<div class=\"vc_single_image-wrapper   vc_box_border_grey\"><img loading=\"lazy\" decoding=\"async\" width=\"1920\" height=\"1440\" src=\"https:\/\/mikelbelascoain.com\/wp-content\/uploads\/2022\/10\/6.jpg\" class=\"vc_single_image-img attachment-full\" alt=\"\" srcset=\"https:\/\/mikelbelascoain.com\/wp-content\/uploads\/2022\/10\/6.jpg 1920w, https:\/\/mikelbelascoain.com\/wp-content\/uploads\/2022\/10\/6-300x225.jpg 300w, https:\/\/mikelbelascoain.com\/wp-content\/uploads\/2022\/10\/6-1024x768.jpg 1024w, https:\/\/mikelbelascoain.com\/wp-content\/uploads\/2022\/10\/6-768x576.jpg 768w, https:\/\/mikelbelascoain.com\/wp-content\/uploads\/2022\/10\/6-1536x1152.jpg 1536w, https:\/\/mikelbelascoain.com\/wp-content\/uploads\/2022\/10\/6-16x12.jpg 16w, https:\/\/mikelbelascoain.com\/wp-content\/uploads\/2022\/10\/6-650x488.jpg 650w, https:\/\/mikelbelascoain.com\/wp-content\/uploads\/2022\/10\/6-1000x750.jpg 1000w\" sizes=\"(max-width: 1920px) 100vw, 1920px\" \/><\/div>\n\t\t<\/figure>\n\t<\/div>\n<\/div><\/div><\/div><div class=\"wpb_column vc_column_container vc_col-sm-3\"><div class=\"vc_column-inner\"><div class=\"wpb_wrapper\">\n\t<div  class=\"wpb_single_image wpb_content_element vc_align_left\">\n\t\t\n\t\t<figure class=\"wpb_wrapper vc_figure\">\n\t\t\t<div class=\"vc_single_image-wrapper   vc_box_border_grey\"><img loading=\"lazy\" decoding=\"async\" width=\"1920\" height=\"1440\" src=\"https:\/\/mikelbelascoain.com\/wp-content\/uploads\/2022\/10\/12.jpg\" class=\"vc_single_image-img attachment-full\" alt=\"\" srcset=\"https:\/\/mikelbelascoain.com\/wp-content\/uploads\/2022\/10\/12.jpg 1920w, https:\/\/mikelbelascoain.com\/wp-content\/uploads\/2022\/10\/12-300x225.jpg 300w, https:\/\/mikelbelascoain.com\/wp-content\/uploads\/2022\/10\/12-1024x768.jpg 1024w, https:\/\/mikelbelascoain.com\/wp-content\/uploads\/2022\/10\/12-768x576.jpg 768w, https:\/\/mikelbelascoain.com\/wp-content\/uploads\/2022\/10\/12-1536x1152.jpg 1536w, https:\/\/mikelbelascoain.com\/wp-content\/uploads\/2022\/10\/12-16x12.jpg 16w, https:\/\/mikelbelascoain.com\/wp-content\/uploads\/2022\/10\/12-650x488.jpg 650w, https:\/\/mikelbelascoain.com\/wp-content\/uploads\/2022\/10\/12-1000x750.jpg 1000w\" sizes=\"(max-width: 1920px) 100vw, 1920px\" \/><\/div>\n\t\t<\/figure>\n\t<\/div>\n<\/div><\/div><\/div><div class=\"wpb_column vc_column_container vc_col-sm-3\"><div class=\"vc_column-inner\"><div class=\"wpb_wrapper\">\n\t<div  class=\"wpb_single_image wpb_content_element vc_align_left\">\n\t\t\n\t\t<figure class=\"wpb_wrapper vc_figure\">\n\t\t\t<div class=\"vc_single_image-wrapper   vc_box_border_grey\"><img loading=\"lazy\" decoding=\"async\" width=\"1920\" height=\"1440\" src=\"https:\/\/mikelbelascoain.com\/wp-content\/uploads\/2022\/10\/13.jpg\" class=\"vc_single_image-img attachment-full\" alt=\"\" srcset=\"https:\/\/mikelbelascoain.com\/wp-content\/uploads\/2022\/10\/13.jpg 1920w, https:\/\/mikelbelascoain.com\/wp-content\/uploads\/2022\/10\/13-300x225.jpg 300w, https:\/\/mikelbelascoain.com\/wp-content\/uploads\/2022\/10\/13-1024x768.jpg 1024w, https:\/\/mikelbelascoain.com\/wp-content\/uploads\/2022\/10\/13-768x576.jpg 768w, https:\/\/mikelbelascoain.com\/wp-content\/uploads\/2022\/10\/13-1536x1152.jpg 1536w, https:\/\/mikelbelascoain.com\/wp-content\/uploads\/2022\/10\/13-16x12.jpg 16w, https:\/\/mikelbelascoain.com\/wp-content\/uploads\/2022\/10\/13-650x488.jpg 650w, https:\/\/mikelbelascoain.com\/wp-content\/uploads\/2022\/10\/13-1000x750.jpg 1000w\" sizes=\"(max-width: 1920px) 100vw, 1920px\" \/><\/div>\n\t\t<\/figure>\n\t<\/div>\n<\/div><\/div><\/div><div class=\"wpb_column vc_column_container vc_col-sm-3\"><div class=\"vc_column-inner\"><div class=\"wpb_wrapper\">\n\t<div  class=\"wpb_single_image wpb_content_element vc_align_left\">\n\t\t\n\t\t<figure class=\"wpb_wrapper vc_figure\">\n\t\t\t<div class=\"vc_single_image-wrapper   vc_box_border_grey\"><img loading=\"lazy\" decoding=\"async\" width=\"1440\" height=\"1080\" src=\"https:\/\/mikelbelascoain.com\/wp-content\/uploads\/2022\/10\/17.jpg\" class=\"vc_single_image-img attachment-full\" alt=\"\" srcset=\"https:\/\/mikelbelascoain.com\/wp-content\/uploads\/2022\/10\/17.jpg 1440w, https:\/\/mikelbelascoain.com\/wp-content\/uploads\/2022\/10\/17-300x225.jpg 300w, https:\/\/mikelbelascoain.com\/wp-content\/uploads\/2022\/10\/17-1024x768.jpg 1024w, https:\/\/mikelbelascoain.com\/wp-content\/uploads\/2022\/10\/17-768x576.jpg 768w, https:\/\/mikelbelascoain.com\/wp-content\/uploads\/2022\/10\/17-16x12.jpg 16w, https:\/\/mikelbelascoain.com\/wp-content\/uploads\/2022\/10\/17-650x488.jpg 650w, https:\/\/mikelbelascoain.com\/wp-content\/uploads\/2022\/10\/17-1000x750.jpg 1000w\" sizes=\"(max-width: 1440px) 100vw, 1440px\" \/><\/div>\n\t\t<\/figure>\n\t<\/div>\n<\/div><\/div><\/div><\/div><div class=\"vc_row wpb_row vc_row-fluid vc_custom_1548402079909\"><div class=\"wpb_column vc_column_container vc_col-sm-12\"><div class=\"vc_column-inner\"><div class=\"wpb_wrapper\">\n\t<div class=\"wpb_text_column wpb_content_element\" >\n\t\t<div class=\"wpb_wrapper\">\n\t\t\t<h6 style=\"text-align: center;\"><a href=\"\/pueblo\">Next Project<\/a><\/h6>\n\n\t\t<\/div>\n\t<\/div>\n<\/div><\/div><\/div><\/div>","protected":false},"excerpt":{"rendered":"","protected":false},"author":1,"featured_media":0,"parent":0,"menu_order":0,"comment_status":"closed","ping_status":"closed","template":"","meta":{"inline_featured_image":false,"footnotes":""},"yoast_head":"<!-- This site is optimized with the Yoast SEO plugin v24.5 - https:\/\/yoast.com\/wordpress\/plugins\/seo\/ -->\n<title>ANDR\u00d3MEDA - Mikel Belascoain<\/title>\n<meta name=\"robots\" content=\"index, follow, max-snippet:-1, max-image-preview:large, max-video-preview:-1\" \/>\n<link rel=\"canonical\" href=\"https:\/\/mikelbelascoain.com\/en\/andromeda\/\" \/>\n<meta property=\"og:locale\" content=\"en_GB\" \/>\n<meta property=\"og:type\" content=\"article\" \/>\n<meta property=\"og:title\" content=\"ANDR\u00d3MEDA - Mikel Belascoain\" \/>\n<meta property=\"og:url\" content=\"https:\/\/mikelbelascoain.com\/en\/andromeda\/\" \/>\n<meta property=\"og:site_name\" content=\"Mikel Belascoain\" \/>\n<meta name=\"twitter:card\" content=\"summary_large_image\" \/>\n<meta name=\"twitter:label1\" content=\"Estimated reading time\" \/>\n\t<meta name=\"twitter:data1\" content=\"1 minute\" \/>\n<script type=\"application\/ld+json\" class=\"yoast-schema-graph\">{\"@context\":\"https:\/\/schema.org\",\"@graph\":[{\"@type\":\"WebPage\",\"@id\":\"https:\/\/mikelbelascoain.com\/andromeda\/\",\"url\":\"https:\/\/mikelbelascoain.com\/andromeda\/\",\"name\":\"ANDR\u00d3MEDA - Mikel Belascoain\",\"isPartOf\":{\"@id\":\"https:\/\/mikelbelascoain.com\/#website\"},\"datePublished\":\"2022-10-07T12:18:27+00:00\",\"breadcrumb\":{\"@id\":\"https:\/\/mikelbelascoain.com\/andromeda\/#breadcrumb\"},\"inLanguage\":\"en-GB\",\"potentialAction\":[{\"@type\":\"ReadAction\",\"target\":[\"https:\/\/mikelbelascoain.com\/andromeda\/\"]}]},{\"@type\":\"BreadcrumbList\",\"@id\":\"https:\/\/mikelbelascoain.com\/andromeda\/#breadcrumb\",\"itemListElement\":[{\"@type\":\"ListItem\",\"position\":1,\"name\":\"Portada\",\"item\":\"https:\/\/mikelbelascoain.com\/\"},{\"@type\":\"ListItem\",\"position\":2,\"name\":\"ANDR\u00d3MEDA\"}]},{\"@type\":\"WebSite\",\"@id\":\"https:\/\/mikelbelascoain.com\/#website\",\"url\":\"https:\/\/mikelbelascoain.com\/\",\"name\":\"Mikel Belascoain\",\"description\":\"\",\"potentialAction\":[{\"@type\":\"SearchAction\",\"target\":{\"@type\":\"EntryPoint\",\"urlTemplate\":\"https:\/\/mikelbelascoain.com\/?s={search_term_string}\"},\"query-input\":{\"@type\":\"PropertyValueSpecification\",\"valueRequired\":true,\"valueName\":\"search_term_string\"}}],\"inLanguage\":\"en-GB\"}]}<\/script>\n<!-- \/ Yoast SEO plugin. -->","yoast_head_json":{"title":"ANDR\u00d3MEDA - Mikel Belascoain","robots":{"index":"index","follow":"follow","max-snippet":"max-snippet:-1","max-image-preview":"max-image-preview:large","max-video-preview":"max-video-preview:-1"},"canonical":"https:\/\/mikelbelascoain.com\/en\/andromeda\/","og_locale":"en_GB","og_type":"article","og_title":"ANDR\u00d3MEDA - Mikel Belascoain","og_url":"https:\/\/mikelbelascoain.com\/en\/andromeda\/","og_site_name":"Mikel Belascoain","twitter_card":"summary_large_image","twitter_misc":{"Estimated reading time":"1 minute"},"schema":{"@context":"https:\/\/schema.org","@graph":[{"@type":"WebPage","@id":"https:\/\/mikelbelascoain.com\/andromeda\/","url":"https:\/\/mikelbelascoain.com\/andromeda\/","name":"ANDR\u00d3MEDA - Mikel Belascoain","isPartOf":{"@id":"https:\/\/mikelbelascoain.com\/#website"},"datePublished":"2022-10-07T12:18:27+00:00","breadcrumb":{"@id":"https:\/\/mikelbelascoain.com\/andromeda\/#breadcrumb"},"inLanguage":"en-GB","potentialAction":[{"@type":"ReadAction","target":["https:\/\/mikelbelascoain.com\/andromeda\/"]}]},{"@type":"BreadcrumbList","@id":"https:\/\/mikelbelascoain.com\/andromeda\/#breadcrumb","itemListElement":[{"@type":"ListItem","position":1,"name":"Portada","item":"https:\/\/mikelbelascoain.com\/"},{"@type":"ListItem","position":2,"name":"ANDR\u00d3MEDA"}]},{"@type":"WebSite","@id":"https:\/\/mikelbelascoain.com\/#website","url":"https:\/\/mikelbelascoain.com\/","name":"Mikel Belascoain","description":"","potentialAction":[{"@type":"SearchAction","target":{"@type":"EntryPoint","urlTemplate":"https:\/\/mikelbelascoain.com\/?s={search_term_string}"},"query-input":{"@type":"PropertyValueSpecification","valueRequired":true,"valueName":"search_term_string"}}],"inLanguage":"en-GB"}]}},"_links":{"self":[{"href":"https:\/\/mikelbelascoain.com\/en\/wp-json\/wp\/v2\/pages\/701"}],"collection":[{"href":"https:\/\/mikelbelascoain.com\/en\/wp-json\/wp\/v2\/pages"}],"about":[{"href":"https:\/\/mikelbelascoain.com\/en\/wp-json\/wp\/v2\/types\/page"}],"author":[{"embeddable":true,"href":"https:\/\/mikelbelascoain.com\/en\/wp-json\/wp\/v2\/users\/1"}],"replies":[{"embeddable":true,"href":"https:\/\/mikelbelascoain.com\/en\/wp-json\/wp\/v2\/comments?post=701"}],"version-history":[{"count":1,"href":"https:\/\/mikelbelascoain.com\/en\/wp-json\/wp\/v2\/pages\/701\/revisions"}],"predecessor-version":[{"id":713,"href":"https:\/\/mikelbelascoain.com\/en\/wp-json\/wp\/v2\/pages\/701\/revisions\/713"}],"wp:attachment":[{"href":"https:\/\/mikelbelascoain.com\/en\/wp-json\/wp\/v2\/media?parent=701"}],"curies":[{"name":"wp","href":"https:\/\/api.w.org\/{rel}","templated":true}]}}