{"id":659,"date":"2021-12-02T08:24:22","date_gmt":"2021-12-02T08:24:22","guid":{"rendered":"https:\/\/mikelbelascoain.com\/?page_id=659"},"modified":"2022-10-10T06:21:50","modified_gmt":"2022-10-10T06:21:50","slug":"un-bosque","status":"publish","type":"page","link":"https:\/\/mikelbelascoain.com\/en\/un-bosque\/","title":{"rendered":"UN BOSQUE"},"content":{"rendered":"<div class=\"vc_row wpb_row vc_row-fluid\"><div class=\"wpb_column vc_column_container vc_col-sm-12\"><div class=\"vc_column-inner\"><div class=\"wpb_wrapper\">\n\t<div class=\"wpb_raw_code wpb_content_element wpb_raw_html\" >\n\t\t<div class=\"wpb_wrapper\">\n\t\t\t<div class=\"volver\">\n<a href=\"http:\/\/mikelbelascoain.com\"><<\/a><\/div>\n<div class=\"idioma\"><a title=\"English (UK)\" href=\"\/en\/maga\/\">en<\/a>\/<a title=\"Spanish (SP)\" href=\"\/maga\/\">es<\/a><\/div>\n\t\t<\/div>\n\t<\/div>\n<\/div><\/div><\/div><\/div><div class=\"vc_row wpb_row vc_row-fluid\"><div class=\"wpb_column vc_column_container vc_col-sm-12\"><div class=\"vc_column-inner\"><div class=\"wpb_wrapper\">\n\t<div  class=\"wpb_single_image wpb_content_element vc_align_center\">\n\t\t\n\t\t<figure class=\"wpb_wrapper vc_figure\">\n\t\t\t<div class=\"vc_single_image-wrapper   vc_box_border_grey\"><img loading=\"lazy\" decoding=\"async\" width=\"1920\" height=\"1280\" src=\"https:\/\/mikelbelascoain.com\/wp-content\/uploads\/2022\/10\/BrifBrafBruf_UnBosque_5000px_0011.jpg\" class=\"vc_single_image-img attachment-full\" alt=\"\" srcset=\"https:\/\/mikelbelascoain.com\/wp-content\/uploads\/2022\/10\/BrifBrafBruf_UnBosque_5000px_0011.jpg 1920w, https:\/\/mikelbelascoain.com\/wp-content\/uploads\/2022\/10\/BrifBrafBruf_UnBosque_5000px_0011-300x200.jpg 300w, https:\/\/mikelbelascoain.com\/wp-content\/uploads\/2022\/10\/BrifBrafBruf_UnBosque_5000px_0011-1024x683.jpg 1024w, https:\/\/mikelbelascoain.com\/wp-content\/uploads\/2022\/10\/BrifBrafBruf_UnBosque_5000px_0011-768x512.jpg 768w, https:\/\/mikelbelascoain.com\/wp-content\/uploads\/2022\/10\/BrifBrafBruf_UnBosque_5000px_0011-1536x1024.jpg 1536w, https:\/\/mikelbelascoain.com\/wp-content\/uploads\/2022\/10\/BrifBrafBruf_UnBosque_5000px_0011-18x12.jpg 18w, https:\/\/mikelbelascoain.com\/wp-content\/uploads\/2022\/10\/BrifBrafBruf_UnBosque_5000px_0011-650x433.jpg 650w, https:\/\/mikelbelascoain.com\/wp-content\/uploads\/2022\/10\/BrifBrafBruf_UnBosque_5000px_0011-1000x667.jpg 1000w\" sizes=\"(max-width: 1920px) 100vw, 1920px\" \/><\/div>\n\t\t<\/figure>\n\t<\/div>\n<\/div><\/div><\/div><\/div><div class=\"vc_row wpb_row vc_row-fluid vc_custom_1548927726428\"><div class=\"wpb_column vc_column_container vc_col-sm-12\"><div class=\"vc_column-inner\"><div class=\"wpb_wrapper\">\n\t<div class=\"wpb_text_column wpb_content_element  texto\" >\n\t\t<div class=\"wpb_wrapper\">\n\t\t\t<p>Un bosque es una instalaci\u00f3n escult\u00f3rica y sonora creada por el artista Mikel Belascoain en colaboraci\u00f3n con la artista norteamericana Holly Miranda y con la clase de cuarto de primaria del Colegio Garc\u00eda Galdeano de la Txantrea.<\/p>\n<p>Se trata de un conjunto de 7 piezas escult\u00f3ricas de gran formato (250 cent\u00edmetros de altura) realizadas en madera concebidas para instalarse prioritariamente en parques y espacios naturales p\u00fablicos y tambi\u00e9n en salas de exposici\u00f3n. La instalaci\u00f3n constituye una serie de seres mitol\u00f3gicos inventados que habitan un bosque imaginario sonoro. La instalaci\u00f3n est\u00e1 inspirada en la idea gen\u00e9rica de fantas\u00eda, con una est\u00e9tica expresionista que nos transporta a piezas de principios de siglo y artistas como Mir\u00f3, Picasso, Munch. El proyecto completa sus influencias en el el universo est\u00e9tico de David Dowie y en referencias literarias como Lewis Carroll (Alicia en el pa\u00eds de las maravillas y A trav\u00e9s del espejo).<\/p>\n\n\t\t<\/div>\n\t<\/div>\n<\/div><\/div><\/div><\/div><div class=\"vc_row wpb_row vc_row-fluid\"><div class=\"wpb_column vc_column_container vc_col-sm-6\"><div class=\"vc_column-inner\"><div class=\"wpb_wrapper\">\n\t<div  class=\"wpb_single_image wpb_content_element vc_align_right\">\n\t\t\n\t\t<figure class=\"wpb_wrapper vc_figure\">\n\t\t\t<div class=\"vc_single_image-wrapper   vc_box_border_grey\"><img loading=\"lazy\" decoding=\"async\" width=\"1920\" height=\"1280\" src=\"https:\/\/mikelbelascoain.com\/wp-content\/uploads\/2022\/10\/BrifBrafBruf_UnBosque_5000px_0022.jpg\" class=\"vc_single_image-img attachment-full\" alt=\"\" srcset=\"https:\/\/mikelbelascoain.com\/wp-content\/uploads\/2022\/10\/BrifBrafBruf_UnBosque_5000px_0022.jpg 1920w, https:\/\/mikelbelascoain.com\/wp-content\/uploads\/2022\/10\/BrifBrafBruf_UnBosque_5000px_0022-300x200.jpg 300w, https:\/\/mikelbelascoain.com\/wp-content\/uploads\/2022\/10\/BrifBrafBruf_UnBosque_5000px_0022-1024x683.jpg 1024w, https:\/\/mikelbelascoain.com\/wp-content\/uploads\/2022\/10\/BrifBrafBruf_UnBosque_5000px_0022-768x512.jpg 768w, https:\/\/mikelbelascoain.com\/wp-content\/uploads\/2022\/10\/BrifBrafBruf_UnBosque_5000px_0022-1536x1024.jpg 1536w, https:\/\/mikelbelascoain.com\/wp-content\/uploads\/2022\/10\/BrifBrafBruf_UnBosque_5000px_0022-18x12.jpg 18w, https:\/\/mikelbelascoain.com\/wp-content\/uploads\/2022\/10\/BrifBrafBruf_UnBosque_5000px_0022-650x433.jpg 650w, https:\/\/mikelbelascoain.com\/wp-content\/uploads\/2022\/10\/BrifBrafBruf_UnBosque_5000px_0022-1000x667.jpg 1000w\" sizes=\"(max-width: 1920px) 100vw, 1920px\" \/><\/div>\n\t\t<\/figure>\n\t<\/div>\n<\/div><\/div><\/div><div class=\"wpb_column vc_column_container vc_col-sm-6\"><div class=\"vc_column-inner\"><div class=\"wpb_wrapper\">\n\t<div  class=\"wpb_single_image wpb_content_element vc_align_right\">\n\t\t\n\t\t<figure class=\"wpb_wrapper vc_figure\">\n\t\t\t<div class=\"vc_single_image-wrapper   vc_box_border_grey\"><img loading=\"lazy\" decoding=\"async\" width=\"1920\" height=\"1280\" src=\"https:\/\/mikelbelascoain.com\/wp-content\/uploads\/2022\/10\/BrifBrafBruf_UnBosque_5000px_0009.jpg\" class=\"vc_single_image-img attachment-full\" alt=\"\" srcset=\"https:\/\/mikelbelascoain.com\/wp-content\/uploads\/2022\/10\/BrifBrafBruf_UnBosque_5000px_0009.jpg 1920w, https:\/\/mikelbelascoain.com\/wp-content\/uploads\/2022\/10\/BrifBrafBruf_UnBosque_5000px_0009-300x200.jpg 300w, https:\/\/mikelbelascoain.com\/wp-content\/uploads\/2022\/10\/BrifBrafBruf_UnBosque_5000px_0009-1024x683.jpg 1024w, https:\/\/mikelbelascoain.com\/wp-content\/uploads\/2022\/10\/BrifBrafBruf_UnBosque_5000px_0009-768x512.jpg 768w, https:\/\/mikelbelascoain.com\/wp-content\/uploads\/2022\/10\/BrifBrafBruf_UnBosque_5000px_0009-1536x1024.jpg 1536w, https:\/\/mikelbelascoain.com\/wp-content\/uploads\/2022\/10\/BrifBrafBruf_UnBosque_5000px_0009-18x12.jpg 18w, https:\/\/mikelbelascoain.com\/wp-content\/uploads\/2022\/10\/BrifBrafBruf_UnBosque_5000px_0009-650x433.jpg 650w, https:\/\/mikelbelascoain.com\/wp-content\/uploads\/2022\/10\/BrifBrafBruf_UnBosque_5000px_0009-1000x667.jpg 1000w\" sizes=\"(max-width: 1920px) 100vw, 1920px\" \/><\/div>\n\t\t<\/figure>\n\t<\/div>\n<\/div><\/div><\/div><\/div><div class=\"vc_row wpb_row vc_row-fluid vc_custom_1548927726428\"><div class=\"wpb_column vc_column_container vc_col-sm-12\"><div class=\"vc_column-inner\"><div class=\"wpb_wrapper\">\n\t<div class=\"wpb_text_column wpb_content_element  texto\" >\n\t\t<div class=\"wpb_wrapper\">\n\t\t\t<p>La idea de este proyecto se genera entre Espa\u00f1a y Nueva York e incorpora una creaci\u00f3n musical que compone una sinfon\u00eda polif\u00f3nica que incorpora sonidos de los bosques que han sido grabados por la artista norteamericana, a las que a\u00f1ade numerosas capas sonoras electr\u00f3nicas y su voz a modo de instrumento, creando un efecto m\u00e1gico. Cada una de las piezas escult\u00f3ricas tendr\u00e1 una melod\u00eda creada espec\u00edficamente para ella que el conjunto armoniza en una melod\u00eda conjunta. Adicionalmente el efecto sonoro depende de la interacci\u00f3n con las personas y de su n\u00famero de visitantes. La melod\u00eda se concibe con la perspectiva de que una persona genera una melod\u00eda y varias generan otra.<\/p>\n\n\t\t<\/div>\n\t<\/div>\n<\/div><\/div><\/div><\/div><div class=\"vc_row wpb_row vc_row-fluid\"><div class=\"wpb_column vc_column_container vc_col-sm-12\"><div class=\"vc_column-inner\"><div class=\"wpb_wrapper\">\n\t<div  class=\"wpb_single_image wpb_content_element vc_align_center\">\n\t\t\n\t\t<figure class=\"wpb_wrapper vc_figure\">\n\t\t\t<div class=\"vc_single_image-wrapper   vc_box_border_grey\"><img loading=\"lazy\" decoding=\"async\" width=\"722\" height=\"483\" src=\"https:\/\/mikelbelascoain.com\/wp-content\/uploads\/2021\/12\/un-bosque_mikel_belascoain_04.png\" class=\"vc_single_image-img attachment-full\" alt=\"\" srcset=\"https:\/\/mikelbelascoain.com\/wp-content\/uploads\/2021\/12\/un-bosque_mikel_belascoain_04.png 722w, https:\/\/mikelbelascoain.com\/wp-content\/uploads\/2021\/12\/un-bosque_mikel_belascoain_04-300x201.png 300w, https:\/\/mikelbelascoain.com\/wp-content\/uploads\/2021\/12\/un-bosque_mikel_belascoain_04-18x12.png 18w, https:\/\/mikelbelascoain.com\/wp-content\/uploads\/2021\/12\/un-bosque_mikel_belascoain_04-650x435.png 650w\" sizes=\"(max-width: 722px) 100vw, 722px\" \/><\/div>\n\t\t<\/figure>\n\t<\/div>\n<\/div><\/div><\/div><\/div><div class=\"vc_row wpb_row vc_row-fluid vc_custom_1548927726428\"><div class=\"wpb_column vc_column_container vc_col-sm-12\"><div class=\"vc_column-inner\"><div class=\"wpb_wrapper\">\n\t<div class=\"wpb_text_column wpb_content_element  texto\" >\n\t\t<div class=\"wpb_wrapper\">\n\t\t\t<p>El proyecto adem\u00e1s busca apelar a la cultura como elemento de cohesi\u00f3n social y el di\u00e1logo con la naturaleza con el objetivo de acercar el arte a las personas en parques de titularidad p\u00fablica o puntualmente privada.<\/p>\n\n\t\t<\/div>\n\t<\/div>\n<\/div><\/div><\/div><\/div><div class=\"vc_row wpb_row vc_row-fluid vc_custom_1548927726428\"><div class=\"wpb_column vc_column_container vc_col-sm-12\"><div class=\"vc_column-inner\"><div class=\"wpb_wrapper\">\n\t<div class=\"wpb_text_column wpb_content_element  texto\" >\n\t\t<div class=\"wpb_wrapper\">\n\t\t\t<p><strong>Cuentos \/ Desarrollo literario<\/strong><\/p>\n\n\t\t<\/div>\n\t<\/div>\n\n\t<div class=\"wpb_text_column wpb_content_element  texto\" >\n\t\t<div class=\"wpb_wrapper\">\n\t\t\t<p class=\"p1\"><i>El proyecto incorpora en un proceso de co-creaci\u00f3n con los alumnos y alumnas del colegio p\u00fablico Garc\u00eda Galdeano, siete cuentos para cada una de las piezas creando una mitolog\u00eda inventada. La primera exposici\u00f3n del proyecto se hace enmarcado dentro del festival BRIF, BRAF, BRUF que se celebra en Navidad de 2021 a partir del 26 de diciembre.<\/i><\/p>\n\n\t\t<\/div>\n\t<\/div>\n<\/div><\/div><\/div><\/div><div class=\"vc_row wpb_row vc_row-fluid vc_custom_1548925569361\"><div class=\"wpb_column vc_column_container vc_col-sm-12\"><div class=\"vc_column-inner\"><div class=\"wpb_wrapper\">\n\t<div  class=\"wpb_single_image wpb_content_element vc_align_center\">\n\t\t\n\t\t<figure class=\"wpb_wrapper vc_figure\">\n\t\t\t<div class=\"vc_single_image-wrapper   vc_box_border_grey\"><img loading=\"lazy\" decoding=\"async\" width=\"1920\" height=\"1280\" src=\"https:\/\/mikelbelascoain.com\/wp-content\/uploads\/2022\/10\/Fondo-1.jpg\" class=\"vc_single_image-img attachment-full\" alt=\"\" srcset=\"https:\/\/mikelbelascoain.com\/wp-content\/uploads\/2022\/10\/Fondo-1.jpg 1920w, https:\/\/mikelbelascoain.com\/wp-content\/uploads\/2022\/10\/Fondo-1-300x200.jpg 300w, https:\/\/mikelbelascoain.com\/wp-content\/uploads\/2022\/10\/Fondo-1-1024x683.jpg 1024w, https:\/\/mikelbelascoain.com\/wp-content\/uploads\/2022\/10\/Fondo-1-768x512.jpg 768w, https:\/\/mikelbelascoain.com\/wp-content\/uploads\/2022\/10\/Fondo-1-1536x1024.jpg 1536w, https:\/\/mikelbelascoain.com\/wp-content\/uploads\/2022\/10\/Fondo-1-18x12.jpg 18w, https:\/\/mikelbelascoain.com\/wp-content\/uploads\/2022\/10\/Fondo-1-650x433.jpg 650w, https:\/\/mikelbelascoain.com\/wp-content\/uploads\/2022\/10\/Fondo-1-1000x667.jpg 1000w\" sizes=\"(max-width: 1920px) 100vw, 1920px\" \/><\/div>\n\t\t<\/figure>\n\t<\/div>\n<\/div><\/div><\/div><\/div><div class=\"vc_row wpb_row vc_row-fluid vc_custom_1548927726428\"><div class=\"wpb_column vc_column_container vc_col-sm-12\"><div class=\"vc_column-inner\"><div class=\"wpb_wrapper\">\n\t<div class=\"wpb_text_column wpb_content_element  texto\" >\n\t\t<div class=\"wpb_wrapper\">\n\t\t\t<p><strong>Direcci\u00f3n art\u00edstica.<\/strong> Mikel Belascoain y Holly Miranda<br \/>\n<strong>Direcci\u00f3n t\u00e9cnica.<\/strong> Jes\u00fas Belascoain<br \/>\n<strong>Desarrollo rob\u00f3tico.<\/strong> Asociaci\u00f3n INARTECH<br \/>\n<strong>Colaboradores\/as.<\/strong> Meriem, Maryam, Mar\u00eda, Susana, Eric, Fabiola, Anass, Rida, Alice, Irati, Jimena, Carolina, Sebi, Anfal, Sirine, Rayane, Hinda, Derick, Sebastian M.,Iris, Hicham, Yadin, Rub\u00ed, Alexis, Javier Belascoain y Maitena Muruzabal.<\/p>\n\n\t\t<\/div>\n\t<\/div>\n<\/div><\/div><\/div><\/div><div class=\"vc_row wpb_row vc_row-fluid vc_row-o-content-middle vc_row-flex\"><div class=\"wpb_column vc_column_container vc_col-sm-4\"><div class=\"vc_column-inner\"><div class=\"wpb_wrapper\"><\/div><\/div><\/div><div class=\"wpb_column vc_column_container vc_col-sm-2\"><div class=\"vc_column-inner\"><div class=\"wpb_wrapper\">\n\t<div  class=\"wpb_single_image wpb_content_element vc_align_center\">\n\t\t\n\t\t<figure class=\"wpb_wrapper vc_figure\">\n\t\t\t<div class=\"vc_single_image-wrapper   vc_box_border_grey\"><img decoding=\"async\" class=\"vc_single_image-img\"  src=\"https:\/\/brifbrafbruf.eus\/wp-content\/uploads\/2020\/12\/logo_color.png\" \/><\/div>\n\t\t<\/figure>\n\t<\/div>\n<\/div><\/div><\/div><div class=\"wpb_column vc_column_container vc_col-sm-2\"><div class=\"vc_column-inner\"><div class=\"wpb_wrapper\">\n\t<div  class=\"wpb_single_image wpb_content_element vc_align_center\">\n\t\t\n\t\t<figure class=\"wpb_wrapper vc_figure\">\n\t\t\t<div class=\"vc_single_image-wrapper   vc_box_border_grey\"><img decoding=\"async\" class=\"vc_single_image-img\"  src=\"https:\/\/www.navarra.es\/documents\/4410522\/0\/GN-v1-4c.png\/58069442-42d0-5310-bd52-be2882430fd0?t=1591861046000\" \/><\/div>\n\t\t<\/figure>\n\t<\/div>\n<\/div><\/div><\/div><\/div><div class=\"vc_row wpb_row vc_row-fluid vc_custom_1548927726428\"><div class=\"wpb_column vc_column_container vc_col-sm-12\"><div class=\"vc_column-inner\"><div class=\"wpb_wrapper\">\n\t<div class=\"wpb_text_column wpb_content_element  texto\" >\n\t\t<div class=\"wpb_wrapper\">\n\t\t\t<p><strong>Proceso de trabajo<\/strong><\/p>\n\n\t\t<\/div>\n\t<\/div>\n<\/div><\/div><\/div><\/div><div class=\"vc_row wpb_row vc_row-fluid\"><div class=\"wpb_column vc_column_container vc_col-sm-3\"><div class=\"vc_column-inner\"><div class=\"wpb_wrapper\">\n\t<div  class=\"wpb_single_image wpb_content_element vc_align_center\">\n\t\t\n\t\t<figure class=\"wpb_wrapper vc_figure\">\n\t\t\t<div class=\"vc_single_image-wrapper   vc_box_border_grey\"><img loading=\"lazy\" decoding=\"async\" width=\"1200\" height=\"799\" src=\"https:\/\/mikelbelascoain.com\/wp-content\/uploads\/2021\/12\/un-bosque_mikel_belascoain_03.jpg\" class=\"vc_single_image-img attachment-full\" alt=\"\" srcset=\"https:\/\/mikelbelascoain.com\/wp-content\/uploads\/2021\/12\/un-bosque_mikel_belascoain_03.jpg 1200w, https:\/\/mikelbelascoain.com\/wp-content\/uploads\/2021\/12\/un-bosque_mikel_belascoain_03-300x200.jpg 300w, https:\/\/mikelbelascoain.com\/wp-content\/uploads\/2021\/12\/un-bosque_mikel_belascoain_03-1024x682.jpg 1024w, https:\/\/mikelbelascoain.com\/wp-content\/uploads\/2021\/12\/un-bosque_mikel_belascoain_03-768x511.jpg 768w, https:\/\/mikelbelascoain.com\/wp-content\/uploads\/2021\/12\/un-bosque_mikel_belascoain_03-18x12.jpg 18w, https:\/\/mikelbelascoain.com\/wp-content\/uploads\/2021\/12\/un-bosque_mikel_belascoain_03-650x433.jpg 650w, https:\/\/mikelbelascoain.com\/wp-content\/uploads\/2021\/12\/un-bosque_mikel_belascoain_03-1000x666.jpg 1000w\" sizes=\"(max-width: 1200px) 100vw, 1200px\" \/><\/div>\n\t\t<\/figure>\n\t<\/div>\n<\/div><\/div><\/div><div class=\"wpb_column vc_column_container vc_col-sm-3\"><div class=\"vc_column-inner\"><div class=\"wpb_wrapper\">\n\t<div  class=\"wpb_single_image wpb_content_element vc_align_center\">\n\t\t\n\t\t<figure class=\"wpb_wrapper vc_figure\">\n\t\t\t<div class=\"vc_single_image-wrapper   vc_box_border_grey\"><img loading=\"lazy\" decoding=\"async\" width=\"440\" height=\"588\" src=\"https:\/\/mikelbelascoain.com\/wp-content\/uploads\/2021\/12\/un-bosque_mikel_belascoain_06.png\" class=\"vc_single_image-img attachment-full\" alt=\"\" srcset=\"https:\/\/mikelbelascoain.com\/wp-content\/uploads\/2021\/12\/un-bosque_mikel_belascoain_06.png 440w, https:\/\/mikelbelascoain.com\/wp-content\/uploads\/2021\/12\/un-bosque_mikel_belascoain_06-224x300.png 224w, https:\/\/mikelbelascoain.com\/wp-content\/uploads\/2021\/12\/un-bosque_mikel_belascoain_06-9x12.png 9w\" sizes=\"(max-width: 440px) 100vw, 440px\" \/><\/div>\n\t\t<\/figure>\n\t<\/div>\n<\/div><\/div><\/div><div class=\"wpb_column vc_column_container vc_col-sm-3\"><div class=\"vc_column-inner\"><div class=\"wpb_wrapper\">\n\t<div  class=\"wpb_single_image wpb_content_element vc_align_center\">\n\t\t\n\t\t<figure class=\"wpb_wrapper vc_figure\">\n\t\t\t<div class=\"vc_single_image-wrapper   vc_box_border_grey\"><img loading=\"lazy\" decoding=\"async\" width=\"398\" height=\"531\" src=\"https:\/\/mikelbelascoain.com\/wp-content\/uploads\/2021\/12\/un-bosque_mikel_belascoain_07.png\" class=\"vc_single_image-img attachment-full\" alt=\"\" srcset=\"https:\/\/mikelbelascoain.com\/wp-content\/uploads\/2021\/12\/un-bosque_mikel_belascoain_07.png 398w, https:\/\/mikelbelascoain.com\/wp-content\/uploads\/2021\/12\/un-bosque_mikel_belascoain_07-225x300.png 225w, https:\/\/mikelbelascoain.com\/wp-content\/uploads\/2021\/12\/un-bosque_mikel_belascoain_07-9x12.png 9w\" sizes=\"(max-width: 398px) 100vw, 398px\" \/><\/div>\n\t\t<\/figure>\n\t<\/div>\n<\/div><\/div><\/div><div class=\"wpb_column vc_column_container vc_col-sm-3\"><div class=\"vc_column-inner\"><div class=\"wpb_wrapper\">\n\t<div  class=\"wpb_single_image wpb_content_element vc_align_center\">\n\t\t\n\t\t<figure class=\"wpb_wrapper vc_figure\">\n\t\t\t<div class=\"vc_single_image-wrapper   vc_box_border_grey\"><img loading=\"lazy\" decoding=\"async\" width=\"721\" height=\"481\" src=\"https:\/\/mikelbelascoain.com\/wp-content\/uploads\/2021\/12\/un-bosque_mikel_belascoain_08.png\" class=\"vc_single_image-img attachment-full\" alt=\"\" srcset=\"https:\/\/mikelbelascoain.com\/wp-content\/uploads\/2021\/12\/un-bosque_mikel_belascoain_08.png 721w, https:\/\/mikelbelascoain.com\/wp-content\/uploads\/2021\/12\/un-bosque_mikel_belascoain_08-300x200.png 300w, https:\/\/mikelbelascoain.com\/wp-content\/uploads\/2021\/12\/un-bosque_mikel_belascoain_08-18x12.png 18w, https:\/\/mikelbelascoain.com\/wp-content\/uploads\/2021\/12\/un-bosque_mikel_belascoain_08-650x434.png 650w\" sizes=\"(max-width: 721px) 100vw, 721px\" \/><\/div>\n\t\t<\/figure>\n\t<\/div>\n<\/div><\/div><\/div><\/div><div class=\"vc_row wpb_row vc_row-fluid vc_custom_1548402079909\"><div class=\"wpb_column vc_column_container vc_col-sm-12\"><div class=\"vc_column-inner\"><div class=\"wpb_wrapper\">\n\t<div class=\"wpb_text_column wpb_content_element\" >\n\t\t<div class=\"wpb_wrapper\">\n\t\t\t<h6 style=\"text-align: center;\"><a href=\"\/persona\">Next Project<\/a><\/h6>\n\n\t\t<\/div>\n\t<\/div>\n<\/div><\/div><\/div><\/div>","protected":false},"excerpt":{"rendered":"","protected":false},"author":1,"featured_media":0,"parent":0,"menu_order":0,"comment_status":"closed","ping_status":"closed","template":"","meta":{"inline_featured_image":false,"footnotes":""},"yoast_head":"<!-- This site is optimized with the Yoast SEO plugin v24.5 - https:\/\/yoast.com\/wordpress\/plugins\/seo\/ -->\n<title>UN BOSQUE - Mikel Belascoain<\/title>\n<meta name=\"description\" content=\"Un bosque es una instalaci\u00f3n escult\u00f3rica y sonora creada por Mikel Belascoain en colaboraci\u00f3n con la artista norteamericana Holly Miranda\" \/>\n<meta name=\"robots\" content=\"index, follow, max-snippet:-1, max-image-preview:large, max-video-preview:-1\" \/>\n<link rel=\"canonical\" href=\"https:\/\/mikelbelascoain.com\/en\/un-bosque\/\" \/>\n<meta property=\"og:locale\" content=\"en_GB\" \/>\n<meta property=\"og:type\" content=\"article\" \/>\n<meta property=\"og:title\" content=\"UN BOSQUE - Mikel Belascoain\" \/>\n<meta property=\"og:description\" content=\"Un bosque es una instalaci\u00f3n escult\u00f3rica y sonora creada por Mikel Belascoain en colaboraci\u00f3n con la artista norteamericana Holly Miranda\" \/>\n<meta property=\"og:url\" content=\"https:\/\/mikelbelascoain.com\/en\/un-bosque\/\" \/>\n<meta property=\"og:site_name\" content=\"Mikel Belascoain\" \/>\n<meta property=\"article:modified_time\" content=\"2022-10-10T06:21:50+00:00\" \/>\n<meta name=\"twitter:card\" content=\"summary_large_image\" \/>\n<meta name=\"twitter:label1\" content=\"Estimated reading time\" \/>\n\t<meta name=\"twitter:data1\" content=\"3 minutes\" \/>\n<script type=\"application\/ld+json\" class=\"yoast-schema-graph\">{\"@context\":\"https:\/\/schema.org\",\"@graph\":[{\"@type\":\"WebPage\",\"@id\":\"https:\/\/mikelbelascoain.com\/un-bosque\/\",\"url\":\"https:\/\/mikelbelascoain.com\/un-bosque\/\",\"name\":\"UN BOSQUE - Mikel Belascoain\",\"isPartOf\":{\"@id\":\"https:\/\/mikelbelascoain.com\/#website\"},\"datePublished\":\"2021-12-02T08:24:22+00:00\",\"dateModified\":\"2022-10-10T06:21:50+00:00\",\"description\":\"Un bosque es una instalaci\u00f3n escult\u00f3rica y sonora creada por Mikel Belascoain en colaboraci\u00f3n con la artista norteamericana Holly Miranda\",\"breadcrumb\":{\"@id\":\"https:\/\/mikelbelascoain.com\/un-bosque\/#breadcrumb\"},\"inLanguage\":\"en-GB\",\"potentialAction\":[{\"@type\":\"ReadAction\",\"target\":[\"https:\/\/mikelbelascoain.com\/un-bosque\/\"]}]},{\"@type\":\"BreadcrumbList\",\"@id\":\"https:\/\/mikelbelascoain.com\/un-bosque\/#breadcrumb\",\"itemListElement\":[{\"@type\":\"ListItem\",\"position\":1,\"name\":\"Portada\",\"item\":\"https:\/\/mikelbelascoain.com\/\"},{\"@type\":\"ListItem\",\"position\":2,\"name\":\"UN BOSQUE\"}]},{\"@type\":\"WebSite\",\"@id\":\"https:\/\/mikelbelascoain.com\/#website\",\"url\":\"https:\/\/mikelbelascoain.com\/\",\"name\":\"Mikel Belascoain\",\"description\":\"\",\"potentialAction\":[{\"@type\":\"SearchAction\",\"target\":{\"@type\":\"EntryPoint\",\"urlTemplate\":\"https:\/\/mikelbelascoain.com\/?s={search_term_string}\"},\"query-input\":{\"@type\":\"PropertyValueSpecification\",\"valueRequired\":true,\"valueName\":\"search_term_string\"}}],\"inLanguage\":\"en-GB\"}]}<\/script>\n<!-- \/ Yoast SEO plugin. -->","yoast_head_json":{"title":"UN BOSQUE - Mikel Belascoain","description":"Un bosque es una instalaci\u00f3n escult\u00f3rica y sonora creada por Mikel Belascoain en colaboraci\u00f3n con la artista norteamericana Holly Miranda","robots":{"index":"index","follow":"follow","max-snippet":"max-snippet:-1","max-image-preview":"max-image-preview:large","max-video-preview":"max-video-preview:-1"},"canonical":"https:\/\/mikelbelascoain.com\/en\/un-bosque\/","og_locale":"en_GB","og_type":"article","og_title":"UN BOSQUE - Mikel Belascoain","og_description":"Un bosque es una instalaci\u00f3n escult\u00f3rica y sonora creada por Mikel Belascoain en colaboraci\u00f3n con la artista norteamericana Holly Miranda","og_url":"https:\/\/mikelbelascoain.com\/en\/un-bosque\/","og_site_name":"Mikel Belascoain","article_modified_time":"2022-10-10T06:21:50+00:00","twitter_card":"summary_large_image","twitter_misc":{"Estimated reading time":"3 minutes"},"schema":{"@context":"https:\/\/schema.org","@graph":[{"@type":"WebPage","@id":"https:\/\/mikelbelascoain.com\/un-bosque\/","url":"https:\/\/mikelbelascoain.com\/un-bosque\/","name":"UN BOSQUE - Mikel Belascoain","isPartOf":{"@id":"https:\/\/mikelbelascoain.com\/#website"},"datePublished":"2021-12-02T08:24:22+00:00","dateModified":"2022-10-10T06:21:50+00:00","description":"Un bosque es una instalaci\u00f3n escult\u00f3rica y sonora creada por Mikel Belascoain en colaboraci\u00f3n con la artista norteamericana Holly Miranda","breadcrumb":{"@id":"https:\/\/mikelbelascoain.com\/un-bosque\/#breadcrumb"},"inLanguage":"en-GB","potentialAction":[{"@type":"ReadAction","target":["https:\/\/mikelbelascoain.com\/un-bosque\/"]}]},{"@type":"BreadcrumbList","@id":"https:\/\/mikelbelascoain.com\/un-bosque\/#breadcrumb","itemListElement":[{"@type":"ListItem","position":1,"name":"Portada","item":"https:\/\/mikelbelascoain.com\/"},{"@type":"ListItem","position":2,"name":"UN BOSQUE"}]},{"@type":"WebSite","@id":"https:\/\/mikelbelascoain.com\/#website","url":"https:\/\/mikelbelascoain.com\/","name":"Mikel Belascoain","description":"","potentialAction":[{"@type":"SearchAction","target":{"@type":"EntryPoint","urlTemplate":"https:\/\/mikelbelascoain.com\/?s={search_term_string}"},"query-input":{"@type":"PropertyValueSpecification","valueRequired":true,"valueName":"search_term_string"}}],"inLanguage":"en-GB"}]}},"_links":{"self":[{"href":"https:\/\/mikelbelascoain.com\/en\/wp-json\/wp\/v2\/pages\/659"}],"collection":[{"href":"https:\/\/mikelbelascoain.com\/en\/wp-json\/wp\/v2\/pages"}],"about":[{"href":"https:\/\/mikelbelascoain.com\/en\/wp-json\/wp\/v2\/types\/page"}],"author":[{"embeddable":true,"href":"https:\/\/mikelbelascoain.com\/en\/wp-json\/wp\/v2\/users\/1"}],"replies":[{"embeddable":true,"href":"https:\/\/mikelbelascoain.com\/en\/wp-json\/wp\/v2\/comments?post=659"}],"version-history":[{"count":22,"href":"https:\/\/mikelbelascoain.com\/en\/wp-json\/wp\/v2\/pages\/659\/revisions"}],"predecessor-version":[{"id":743,"href":"https:\/\/mikelbelascoain.com\/en\/wp-json\/wp\/v2\/pages\/659\/revisions\/743"}],"wp:attachment":[{"href":"https:\/\/mikelbelascoain.com\/en\/wp-json\/wp\/v2\/media?parent=659"}],"curies":[{"name":"wp","href":"https:\/\/api.w.org\/{rel}","templated":true}]}}