{"id":597,"date":"2019-10-30T11:07:36","date_gmt":"2019-10-30T11:07:36","guid":{"rendered":"https:\/\/mikelbelascoain.com\/?page_id=597"},"modified":"2021-12-02T09:15:59","modified_gmt":"2021-12-02T09:15:59","slug":"1986-2","status":"publish","type":"page","link":"https:\/\/mikelbelascoain.com\/en\/1986-2\/","title":{"rendered":"1986"},"content":{"rendered":"<div class=\"vc_row wpb_row vc_row-fluid\"><div class=\"wpb_column vc_column_container vc_col-sm-12\"><div class=\"vc_column-inner\"><div class=\"wpb_wrapper\">\n\t<div class=\"wpb_raw_code wpb_content_element wpb_raw_html\" >\n\t\t<div class=\"wpb_wrapper\">\n\t\t\t<div class=\"volver\">\n<a href=\"https:\/\/mikelbelascoain.com\"><<\/a><\/div>\n<div class=\"idioma\"><a title=\"English (UK)\" href=\"http:\/\/localhost:8888\/mikelbelascoain\/en\/1986-2\/\">en<\/a>\/<a title=\"Spanish (SP)\" href=\"http:\/\/localhost:8888\/mikelbelascoain\/1986-2\/\">es<\/a><\/div>\n\t\t<\/div>\n\t<\/div>\n<\/div><\/div><\/div><\/div><div class=\"vc_row wpb_row vc_row-fluid\"><div class=\"wpb_column vc_column_container vc_col-sm-12\"><div class=\"vc_column-inner\"><div class=\"wpb_wrapper\">\n\t<div  class=\"wpb_single_image wpb_content_element vc_align_left\">\n\t\t\n\t\t<figure class=\"wpb_wrapper vc_figure\">\n\t\t\t<div class=\"vc_single_image-wrapper   vc_box_border_grey\"><img loading=\"lazy\" decoding=\"async\" width=\"1920\" height=\"1280\" src=\"https:\/\/mikelbelascoain.com\/wp-content\/uploads\/2019\/10\/Madonna_Taller__AltaResolucio\u0301n_0099.jpg\" class=\"vc_single_image-img attachment-full\" alt=\"\" srcset=\"https:\/\/mikelbelascoain.com\/wp-content\/uploads\/2019\/10\/Madonna_Taller__AltaResolucio\u0301n_0099.jpg 1920w, https:\/\/mikelbelascoain.com\/wp-content\/uploads\/2019\/10\/Madonna_Taller__AltaResolucio\u0301n_0099-300x200.jpg 300w, https:\/\/mikelbelascoain.com\/wp-content\/uploads\/2019\/10\/Madonna_Taller__AltaResolucio\u0301n_0099-768x512.jpg 768w, https:\/\/mikelbelascoain.com\/wp-content\/uploads\/2019\/10\/Madonna_Taller__AltaResolucio\u0301n_0099-1024x683.jpg 1024w, https:\/\/mikelbelascoain.com\/wp-content\/uploads\/2019\/10\/Madonna_Taller__AltaResolucio\u0301n_0099-650x433.jpg 650w, https:\/\/mikelbelascoain.com\/wp-content\/uploads\/2019\/10\/Madonna_Taller__AltaResolucio\u0301n_0099-1000x667.jpg 1000w\" sizes=\"(max-width: 1920px) 100vw, 1920px\" \/><\/div>\n\t\t<\/figure>\n\t<\/div>\n<\/div><\/div><\/div><\/div><div class=\"vc_row wpb_row vc_row-fluid vc_custom_1548402004688\"><div class=\"texto wpb_column vc_column_container vc_col-sm-12\"><div class=\"vc_column-inner\"><div class=\"wpb_wrapper\">\n\t<div class=\"wpb_text_column wpb_content_element  texto\" >\n\t\t<div class=\"wpb_wrapper\">\n\t\t\t<div class=\"page\" title=\"Page 1\">\n<div class=\"section\">\n<div class=\"layoutArea\">\n<div class=\"column\">\n<p>Instalaci\u00f3n permanente en todo el edificio situado en la Calle Nueva 37 de Pamplona. Esta instalaci\u00f3n est\u00e1 dedicada al mayor icono pop del siglo XX, Madonna.<\/p>\n<\/div>\n<\/div>\n<\/div>\n<\/div>\n\n\t\t<\/div>\n\t<\/div>\n<\/div><\/div><\/div><\/div><div class=\"vc_row wpb_row vc_row-fluid\"><div class=\"wpb_column vc_column_container vc_col-sm-12\"><div class=\"vc_column-inner\"><div class=\"wpb_wrapper\">\n\t<div  class=\"wpb_single_image wpb_content_element vc_align_left\">\n\t\t\n\t\t<figure class=\"wpb_wrapper vc_figure\">\n\t\t\t<div class=\"vc_single_image-wrapper   vc_box_border_grey\"><img loading=\"lazy\" decoding=\"async\" width=\"1920\" height=\"1283\" src=\"https:\/\/mikelbelascoain.com\/wp-content\/uploads\/2019\/10\/M1000068.jpg\" class=\"vc_single_image-img attachment-full\" alt=\"\" srcset=\"https:\/\/mikelbelascoain.com\/wp-content\/uploads\/2019\/10\/M1000068.jpg 1920w, https:\/\/mikelbelascoain.com\/wp-content\/uploads\/2019\/10\/M1000068-300x200.jpg 300w, https:\/\/mikelbelascoain.com\/wp-content\/uploads\/2019\/10\/M1000068-768x513.jpg 768w, https:\/\/mikelbelascoain.com\/wp-content\/uploads\/2019\/10\/M1000068-1024x684.jpg 1024w, https:\/\/mikelbelascoain.com\/wp-content\/uploads\/2019\/10\/M1000068-650x434.jpg 650w, https:\/\/mikelbelascoain.com\/wp-content\/uploads\/2019\/10\/M1000068-1000x668.jpg 1000w\" sizes=\"(max-width: 1920px) 100vw, 1920px\" \/><\/div>\n\t\t<\/figure>\n\t<\/div>\n<\/div><\/div><\/div><\/div><div class=\"vc_row wpb_row vc_row-fluid\"><div class=\"wpb_column vc_column_container vc_col-sm-12\"><div class=\"vc_column-inner\"><div class=\"wpb_wrapper\">\n\t<div  class=\"wpb_single_image wpb_content_element vc_align_left\">\n\t\t\n\t\t<figure class=\"wpb_wrapper vc_figure\">\n\t\t\t<div class=\"vc_single_image-wrapper   vc_box_border_grey\"><img loading=\"lazy\" decoding=\"async\" width=\"1920\" height=\"1280\" src=\"https:\/\/mikelbelascoain.com\/wp-content\/uploads\/2019\/10\/Madonna_Taller__AltaResolucio\u0301n_0008.jpg\" class=\"vc_single_image-img attachment-full\" alt=\"\" srcset=\"https:\/\/mikelbelascoain.com\/wp-content\/uploads\/2019\/10\/Madonna_Taller__AltaResolucio\u0301n_0008.jpg 1920w, https:\/\/mikelbelascoain.com\/wp-content\/uploads\/2019\/10\/Madonna_Taller__AltaResolucio\u0301n_0008-300x200.jpg 300w, https:\/\/mikelbelascoain.com\/wp-content\/uploads\/2019\/10\/Madonna_Taller__AltaResolucio\u0301n_0008-768x512.jpg 768w, https:\/\/mikelbelascoain.com\/wp-content\/uploads\/2019\/10\/Madonna_Taller__AltaResolucio\u0301n_0008-1024x683.jpg 1024w, https:\/\/mikelbelascoain.com\/wp-content\/uploads\/2019\/10\/Madonna_Taller__AltaResolucio\u0301n_0008-650x433.jpg 650w, https:\/\/mikelbelascoain.com\/wp-content\/uploads\/2019\/10\/Madonna_Taller__AltaResolucio\u0301n_0008-1000x667.jpg 1000w\" sizes=\"(max-width: 1920px) 100vw, 1920px\" \/><\/div>\n\t\t<\/figure>\n\t<\/div>\n<\/div><\/div><\/div><\/div><div class=\"vc_row wpb_row vc_row-fluid\"><div class=\"wpb_column vc_column_container vc_col-sm-6\"><div class=\"vc_column-inner\"><div class=\"wpb_wrapper\">\n\t<div  class=\"wpb_single_image wpb_content_element vc_align_left\">\n\t\t\n\t\t<figure class=\"wpb_wrapper vc_figure\">\n\t\t\t<div class=\"vc_single_image-wrapper   vc_box_border_grey\"><img loading=\"lazy\" decoding=\"async\" width=\"1920\" height=\"1283\" src=\"https:\/\/mikelbelascoain.com\/wp-content\/uploads\/2019\/10\/M1000049.jpg\" class=\"vc_single_image-img attachment-full\" alt=\"\" srcset=\"https:\/\/mikelbelascoain.com\/wp-content\/uploads\/2019\/10\/M1000049.jpg 1920w, https:\/\/mikelbelascoain.com\/wp-content\/uploads\/2019\/10\/M1000049-300x200.jpg 300w, https:\/\/mikelbelascoain.com\/wp-content\/uploads\/2019\/10\/M1000049-768x513.jpg 768w, https:\/\/mikelbelascoain.com\/wp-content\/uploads\/2019\/10\/M1000049-1024x684.jpg 1024w, https:\/\/mikelbelascoain.com\/wp-content\/uploads\/2019\/10\/M1000049-650x434.jpg 650w, https:\/\/mikelbelascoain.com\/wp-content\/uploads\/2019\/10\/M1000049-1000x668.jpg 1000w\" sizes=\"(max-width: 1920px) 100vw, 1920px\" \/><\/div>\n\t\t<\/figure>\n\t<\/div>\n<\/div><\/div><\/div><div class=\"wpb_column vc_column_container vc_col-sm-6\"><div class=\"vc_column-inner\"><div class=\"wpb_wrapper\">\n\t<div  class=\"wpb_single_image wpb_content_element vc_align_left\">\n\t\t\n\t\t<figure class=\"wpb_wrapper vc_figure\">\n\t\t\t<div class=\"vc_single_image-wrapper   vc_box_border_grey\"><img loading=\"lazy\" decoding=\"async\" width=\"1920\" height=\"1283\" src=\"https:\/\/mikelbelascoain.com\/wp-content\/uploads\/2019\/10\/M1000020.jpg\" class=\"vc_single_image-img attachment-full\" alt=\"\" srcset=\"https:\/\/mikelbelascoain.com\/wp-content\/uploads\/2019\/10\/M1000020.jpg 1920w, https:\/\/mikelbelascoain.com\/wp-content\/uploads\/2019\/10\/M1000020-300x200.jpg 300w, https:\/\/mikelbelascoain.com\/wp-content\/uploads\/2019\/10\/M1000020-768x513.jpg 768w, https:\/\/mikelbelascoain.com\/wp-content\/uploads\/2019\/10\/M1000020-1024x684.jpg 1024w, https:\/\/mikelbelascoain.com\/wp-content\/uploads\/2019\/10\/M1000020-650x434.jpg 650w, https:\/\/mikelbelascoain.com\/wp-content\/uploads\/2019\/10\/M1000020-1000x668.jpg 1000w\" sizes=\"(max-width: 1920px) 100vw, 1920px\" \/><\/div>\n\t\t<\/figure>\n\t<\/div>\n<\/div><\/div><\/div><\/div><div class=\"vc_row wpb_row vc_row-fluid\"><div class=\"wpb_column vc_column_container vc_col-sm-6 vc_col-lg-offset-0 vc_col-lg-6\"><div class=\"vc_column-inner\"><div class=\"wpb_wrapper\">\n\t<div  class=\"wpb_single_image wpb_content_element vc_align_left\">\n\t\t\n\t\t<figure class=\"wpb_wrapper vc_figure\">\n\t\t\t<div class=\"vc_single_image-wrapper   vc_box_border_grey\"><img loading=\"lazy\" decoding=\"async\" width=\"1920\" height=\"1280\" src=\"https:\/\/mikelbelascoain.com\/wp-content\/uploads\/2019\/10\/Madonna_Taller__AltaResolucio\u0301n_0075.jpg\" class=\"vc_single_image-img attachment-full\" alt=\"\" srcset=\"https:\/\/mikelbelascoain.com\/wp-content\/uploads\/2019\/10\/Madonna_Taller__AltaResolucio\u0301n_0075.jpg 1920w, https:\/\/mikelbelascoain.com\/wp-content\/uploads\/2019\/10\/Madonna_Taller__AltaResolucio\u0301n_0075-300x200.jpg 300w, https:\/\/mikelbelascoain.com\/wp-content\/uploads\/2019\/10\/Madonna_Taller__AltaResolucio\u0301n_0075-768x512.jpg 768w, https:\/\/mikelbelascoain.com\/wp-content\/uploads\/2019\/10\/Madonna_Taller__AltaResolucio\u0301n_0075-1024x683.jpg 1024w, https:\/\/mikelbelascoain.com\/wp-content\/uploads\/2019\/10\/Madonna_Taller__AltaResolucio\u0301n_0075-650x433.jpg 650w, https:\/\/mikelbelascoain.com\/wp-content\/uploads\/2019\/10\/Madonna_Taller__AltaResolucio\u0301n_0075-1000x667.jpg 1000w\" sizes=\"(max-width: 1920px) 100vw, 1920px\" \/><\/div>\n\t\t<\/figure>\n\t<\/div>\n<\/div><\/div><\/div><\/div><div class=\"vc_row wpb_row vc_row-fluid\"><div class=\"wpb_column vc_column_container vc_col-sm-6 vc_col-lg-offset-6 vc_col-lg-6\"><div class=\"vc_column-inner\"><div class=\"wpb_wrapper\">\n\t<div  class=\"wpb_single_image wpb_content_element vc_align_left\">\n\t\t\n\t\t<figure class=\"wpb_wrapper vc_figure\">\n\t\t\t<div class=\"vc_single_image-wrapper   vc_box_border_grey\"><img loading=\"lazy\" decoding=\"async\" width=\"1283\" height=\"1920\" src=\"https:\/\/mikelbelascoain.com\/wp-content\/uploads\/2019\/10\/M1000055.jpg\" class=\"vc_single_image-img attachment-full\" alt=\"\" srcset=\"https:\/\/mikelbelascoain.com\/wp-content\/uploads\/2019\/10\/M1000055.jpg 1283w, https:\/\/mikelbelascoain.com\/wp-content\/uploads\/2019\/10\/M1000055-200x300.jpg 200w, https:\/\/mikelbelascoain.com\/wp-content\/uploads\/2019\/10\/M1000055-768x1149.jpg 768w, https:\/\/mikelbelascoain.com\/wp-content\/uploads\/2019\/10\/M1000055-684x1024.jpg 684w, https:\/\/mikelbelascoain.com\/wp-content\/uploads\/2019\/10\/M1000055-650x973.jpg 650w, https:\/\/mikelbelascoain.com\/wp-content\/uploads\/2019\/10\/M1000055-1000x1496.jpg 1000w\" sizes=\"(max-width: 1283px) 100vw, 1283px\" \/><\/div>\n\t\t<\/figure>\n\t<\/div>\n<\/div><\/div><\/div><\/div><div class=\"vc_row wpb_row vc_row-fluid vc_custom_1548402079909\"><div class=\"wpb_column vc_column_container vc_col-sm-12\"><div class=\"vc_column-inner\"><div class=\"wpb_wrapper\">\n\t<div class=\"wpb_text_column wpb_content_element\" >\n\t\t<div class=\"wpb_wrapper\">\n\t\t\t<h6 style=\"text-align: center;\"><a href=\"\/un-bosque\">Siguinte Proyecto<\/a><\/h6>\n\n\t\t<\/div>\n\t<\/div>\n<\/div><\/div><\/div><\/div>","protected":false},"excerpt":{"rendered":"","protected":false},"author":1,"featured_media":0,"parent":0,"menu_order":0,"comment_status":"closed","ping_status":"closed","template":"","meta":{"inline_featured_image":false,"footnotes":""},"yoast_head":"<!-- This site is optimized with the Yoast SEO plugin v24.5 - https:\/\/yoast.com\/wordpress\/plugins\/seo\/ -->\n<title>1986 - Mikel Belascoain<\/title>\n<meta name=\"robots\" content=\"index, follow, max-snippet:-1, max-image-preview:large, max-video-preview:-1\" \/>\n<link rel=\"canonical\" href=\"https:\/\/mikelbelascoain.com\/en\/1986-2\/\" \/>\n<meta property=\"og:locale\" content=\"en_GB\" \/>\n<meta property=\"og:type\" content=\"article\" \/>\n<meta property=\"og:title\" content=\"1986 - Mikel Belascoain\" \/>\n<meta property=\"og:url\" content=\"https:\/\/mikelbelascoain.com\/en\/1986-2\/\" \/>\n<meta property=\"og:site_name\" content=\"Mikel Belascoain\" \/>\n<meta property=\"article:modified_time\" content=\"2021-12-02T09:15:59+00:00\" \/>\n<meta name=\"twitter:card\" content=\"summary_large_image\" \/>\n<meta name=\"twitter:label1\" content=\"Estimated reading time\" \/>\n\t<meta name=\"twitter:data1\" content=\"1 minute\" \/>\n<script type=\"application\/ld+json\" class=\"yoast-schema-graph\">{\"@context\":\"https:\/\/schema.org\",\"@graph\":[{\"@type\":\"WebPage\",\"@id\":\"https:\/\/mikelbelascoain.com\/1986-2\/\",\"url\":\"https:\/\/mikelbelascoain.com\/1986-2\/\",\"name\":\"1986 - Mikel Belascoain\",\"isPartOf\":{\"@id\":\"https:\/\/mikelbelascoain.com\/#website\"},\"datePublished\":\"2019-10-30T11:07:36+00:00\",\"dateModified\":\"2021-12-02T09:15:59+00:00\",\"breadcrumb\":{\"@id\":\"https:\/\/mikelbelascoain.com\/1986-2\/#breadcrumb\"},\"inLanguage\":\"en-GB\",\"potentialAction\":[{\"@type\":\"ReadAction\",\"target\":[\"https:\/\/mikelbelascoain.com\/1986-2\/\"]}]},{\"@type\":\"BreadcrumbList\",\"@id\":\"https:\/\/mikelbelascoain.com\/1986-2\/#breadcrumb\",\"itemListElement\":[{\"@type\":\"ListItem\",\"position\":1,\"name\":\"Portada\",\"item\":\"https:\/\/mikelbelascoain.com\/\"},{\"@type\":\"ListItem\",\"position\":2,\"name\":\"1986\"}]},{\"@type\":\"WebSite\",\"@id\":\"https:\/\/mikelbelascoain.com\/#website\",\"url\":\"https:\/\/mikelbelascoain.com\/\",\"name\":\"Mikel Belascoain\",\"description\":\"\",\"potentialAction\":[{\"@type\":\"SearchAction\",\"target\":{\"@type\":\"EntryPoint\",\"urlTemplate\":\"https:\/\/mikelbelascoain.com\/?s={search_term_string}\"},\"query-input\":{\"@type\":\"PropertyValueSpecification\",\"valueRequired\":true,\"valueName\":\"search_term_string\"}}],\"inLanguage\":\"en-GB\"}]}<\/script>\n<!-- \/ Yoast SEO plugin. -->","yoast_head_json":{"title":"1986 - Mikel Belascoain","robots":{"index":"index","follow":"follow","max-snippet":"max-snippet:-1","max-image-preview":"max-image-preview:large","max-video-preview":"max-video-preview:-1"},"canonical":"https:\/\/mikelbelascoain.com\/en\/1986-2\/","og_locale":"en_GB","og_type":"article","og_title":"1986 - Mikel Belascoain","og_url":"https:\/\/mikelbelascoain.com\/en\/1986-2\/","og_site_name":"Mikel Belascoain","article_modified_time":"2021-12-02T09:15:59+00:00","twitter_card":"summary_large_image","twitter_misc":{"Estimated reading time":"1 minute"},"schema":{"@context":"https:\/\/schema.org","@graph":[{"@type":"WebPage","@id":"https:\/\/mikelbelascoain.com\/1986-2\/","url":"https:\/\/mikelbelascoain.com\/1986-2\/","name":"1986 - Mikel Belascoain","isPartOf":{"@id":"https:\/\/mikelbelascoain.com\/#website"},"datePublished":"2019-10-30T11:07:36+00:00","dateModified":"2021-12-02T09:15:59+00:00","breadcrumb":{"@id":"https:\/\/mikelbelascoain.com\/1986-2\/#breadcrumb"},"inLanguage":"en-GB","potentialAction":[{"@type":"ReadAction","target":["https:\/\/mikelbelascoain.com\/1986-2\/"]}]},{"@type":"BreadcrumbList","@id":"https:\/\/mikelbelascoain.com\/1986-2\/#breadcrumb","itemListElement":[{"@type":"ListItem","position":1,"name":"Portada","item":"https:\/\/mikelbelascoain.com\/"},{"@type":"ListItem","position":2,"name":"1986"}]},{"@type":"WebSite","@id":"https:\/\/mikelbelascoain.com\/#website","url":"https:\/\/mikelbelascoain.com\/","name":"Mikel Belascoain","description":"","potentialAction":[{"@type":"SearchAction","target":{"@type":"EntryPoint","urlTemplate":"https:\/\/mikelbelascoain.com\/?s={search_term_string}"},"query-input":{"@type":"PropertyValueSpecification","valueRequired":true,"valueName":"search_term_string"}}],"inLanguage":"en-GB"}]}},"_links":{"self":[{"href":"https:\/\/mikelbelascoain.com\/en\/wp-json\/wp\/v2\/pages\/597"}],"collection":[{"href":"https:\/\/mikelbelascoain.com\/en\/wp-json\/wp\/v2\/pages"}],"about":[{"href":"https:\/\/mikelbelascoain.com\/en\/wp-json\/wp\/v2\/types\/page"}],"author":[{"embeddable":true,"href":"https:\/\/mikelbelascoain.com\/en\/wp-json\/wp\/v2\/users\/1"}],"replies":[{"embeddable":true,"href":"https:\/\/mikelbelascoain.com\/en\/wp-json\/wp\/v2\/comments?post=597"}],"version-history":[{"count":11,"href":"https:\/\/mikelbelascoain.com\/en\/wp-json\/wp\/v2\/pages\/597\/revisions"}],"predecessor-version":[{"id":684,"href":"https:\/\/mikelbelascoain.com\/en\/wp-json\/wp\/v2\/pages\/597\/revisions\/684"}],"wp:attachment":[{"href":"https:\/\/mikelbelascoain.com\/en\/wp-json\/wp\/v2\/media?parent=597"}],"curies":[{"name":"wp","href":"https:\/\/api.w.org\/{rel}","templated":true}]}}