{"id":538,"date":"2019-03-25T10:49:50","date_gmt":"2019-03-25T10:49:50","guid":{"rendered":"https:\/\/mikelbelascoain.com\/?page_id=538"},"modified":"2019-03-25T10:58:34","modified_gmt":"2019-03-25T10:58:34","slug":"ceramica","status":"publish","type":"page","link":"https:\/\/mikelbelascoain.com\/en\/ceramica\/","title":{"rendered":"CERAMICS"},"content":{"rendered":"<div class=\"vc_row wpb_row vc_row-fluid\"><div class=\"wpb_column vc_column_container vc_col-sm-12\"><div class=\"vc_column-inner\"><div class=\"wpb_wrapper\">\n\t<div class=\"wpb_raw_code wpb_content_element wpb_raw_html\" >\n\t\t<div class=\"wpb_wrapper\">\n\t\t\t<div class=\"volver\">\n<a href=\"https:\/\/mikelbelascoain.com\"><<\/a><\/div>\n<div class=\"idioma\"><a title=\"English (UK)\" href=\"\/en\/ceramica\/\">en<\/a>\/<a title=\"Spanish (SP)\" href=\"\/ceramica\/\">es<\/a><\/div>\n\t\t<\/div>\n\t<\/div>\n<\/div><\/div><\/div><\/div><div class=\"vc_row wpb_row vc_row-fluid\"><div class=\"wpb_column vc_column_container vc_col-sm-12\"><div class=\"vc_column-inner\"><div class=\"wpb_wrapper\">\n\t<div  class=\"wpb_single_image wpb_content_element vc_align_left\">\n\t\t\n\t\t<figure class=\"wpb_wrapper vc_figure\">\n\t\t\t<div class=\"vc_single_image-wrapper   vc_box_border_grey\"><img loading=\"lazy\" decoding=\"async\" width=\"2362\" height=\"893\" src=\"https:\/\/mikelbelascoain.com\/wp-content\/uploads\/2019\/03\/PORTADA-Composici\u00f3n-pict\u00f3rico-cer\u00e1mica.jpg\" class=\"vc_single_image-img attachment-full\" alt=\"\" srcset=\"https:\/\/mikelbelascoain.com\/wp-content\/uploads\/2019\/03\/PORTADA-Composici\u00f3n-pict\u00f3rico-cer\u00e1mica.jpg 2362w, https:\/\/mikelbelascoain.com\/wp-content\/uploads\/2019\/03\/PORTADA-Composici\u00f3n-pict\u00f3rico-cer\u00e1mica-300x113.jpg 300w, https:\/\/mikelbelascoain.com\/wp-content\/uploads\/2019\/03\/PORTADA-Composici\u00f3n-pict\u00f3rico-cer\u00e1mica-768x290.jpg 768w, https:\/\/mikelbelascoain.com\/wp-content\/uploads\/2019\/03\/PORTADA-Composici\u00f3n-pict\u00f3rico-cer\u00e1mica-1024x387.jpg 1024w, https:\/\/mikelbelascoain.com\/wp-content\/uploads\/2019\/03\/PORTADA-Composici\u00f3n-pict\u00f3rico-cer\u00e1mica-650x246.jpg 650w, https:\/\/mikelbelascoain.com\/wp-content\/uploads\/2019\/03\/PORTADA-Composici\u00f3n-pict\u00f3rico-cer\u00e1mica-1000x378.jpg 1000w, https:\/\/mikelbelascoain.com\/wp-content\/uploads\/2019\/03\/PORTADA-Composici\u00f3n-pict\u00f3rico-cer\u00e1mica-2000x756.jpg 2000w\" sizes=\"(max-width: 2362px) 100vw, 2362px\" \/><\/div>\n\t\t<\/figure>\n\t<\/div>\n<\/div><\/div><\/div><\/div><div class=\"vc_row wpb_row vc_row-fluid vc_custom_1548402004688\"><div class=\"texto wpb_column vc_column_container vc_col-sm-12\"><div class=\"vc_column-inner\"><div class=\"wpb_wrapper\">\n\t<div class=\"wpb_text_column wpb_content_element  texto\" >\n\t\t<div class=\"wpb_wrapper\">\n\t\t\t<div class=\"page\" title=\"Page 1\">\n<div class=\"section\">\n<div class=\"layoutArea\">\n<div class=\"column\">\n<p>En este proyecto he colaborado con la maestra ceramista Blanka Gomez de Segura, partiendo del encargo de 96 piezas por parte de Ulises Mej\u00eda para el Restaurante Ansoleaga33. La colecci\u00f3n est\u00e1 inspirada en motivos naturales y florales, buscando la sencillez del trazo. Es mi primera aproximaci\u00f3n cer\u00e1mica y he querido mantener deliberadamente la frescura de los trazos que salen de un pincel por primera vez. La inocencia de la imperfecci\u00f3n que en toda t\u00e9cnica, s\u00f3lo se tiene al principio y que nos conecta con la pureza. El conjunto de piezas conforman un lienzo de gran intensidad de colores, un lienzo ancestral y vitalista. Las colecci\u00f3n conforma en su conjunto un imaginario, que recupera trazos b\u00e1sicos de la infancia y presenta tambi\u00e9n elementos extra\u00eddos del conjunto pict\u00f3rico \u201cMaga\u201d.<\/p>\n<\/div>\n<\/div>\n<\/div>\n<\/div>\n\n\t\t<\/div>\n\t<\/div>\n<\/div><\/div><\/div><\/div><div class=\"vc_row wpb_row vc_row-fluid\"><div class=\"wpb_column vc_column_container vc_col-sm-12\"><div class=\"vc_column-inner\"><div class=\"wpb_wrapper\"><div class=\"wpb_revslider_element wpb_content_element\">\n\t\t\t<!-- START Ceramica REVOLUTION SLIDER 6.2.5 --><p class=\"rs-p-wp-fix\"><\/p>\n\t\t\t<rs-module-wrap id=\"rev_slider_8_1_wrapper\" data-source=\"gallery\" style=\"background:transparent;padding:0;margin:0px auto;margin-top:0;margin-bottom:0;max-width:;\">\n\t\t\t\t<rs-module id=\"rev_slider_8_1\" style=\"\" data-version=\"6.2.5\">\n\t\t\t\t\t<rs-slides>\n\t\t\t\t\t\t<rs-slide data-key=\"rs-28\" data-title=\"Slide\" data-anim=\"ei:d;eo:d;s:600;r:0;t:fade;sl:d;\">\n\t\t\t\t\t\t\t<img decoding=\"async\" src=\"\/\/mikelbelascoain.com\/wp-content\/plugins\/revslider\/public\/assets\/assets\/transparent.png\" title=\"CER\u00c1MICA\" class=\"rev-slidebg\" data-no-retina>\n<!--\n\t\t\t\t\t\t\t--><rs-layer\n\t\t\t\t\t\t\t\tid=\"slider-8-slide-28-layer-3\" \n\t\t\t\t\t\t\t\tdata-type=\"image\"\n\t\t\t\t\t\t\t\tdata-rsp_ch=\"on\"\n\t\t\t\t\t\t\t\tdata-xy=\"x:c;y:c;\"\n\t\t\t\t\t\t\t\tdata-text=\"l:22;a:inherit;\"\n\t\t\t\t\t\t\t\tdata-dim=\"w:1620px;h:1080px;\"\n\t\t\t\t\t\t\t\tdata-frame_0=\"tp:600;\"\n\t\t\t\t\t\t\t\tdata-frame_1=\"tp:600;sR:10;\"\n\t\t\t\t\t\t\t\tdata-frame_999=\"o:0;tp:600;st:w;sR:8690.0006103516;\"\n\t\t\t\t\t\t\t\tstyle=\"z-index:5;\"\n\t\t\t\t\t\t\t><img loading=\"lazy\" decoding=\"async\" src=\"\/\/mikelbelascoain.com\/wp-content\/uploads\/2019\/03\/Colecci\u00f3n-vajilla.jpg\" width=\"1500\" height=\"1000\" data-no-retina> \n\t\t\t\t\t\t\t<\/rs-layer><!--\n-->\t\t\t\t\t\t<\/rs-slide>\n\t\t\t\t\t\t<rs-slide data-key=\"rs-30\" data-title=\"Slide\" data-anim=\"ei:d;eo:d;s:600;r:0;t:fade;sl:d;\">\n\t\t\t\t\t\t\t<img decoding=\"async\" src=\"\/\/mikelbelascoain.com\/wp-content\/plugins\/revslider\/public\/assets\/assets\/transparent.png\" title=\"CER\u00c1MICA\" class=\"rev-slidebg\" data-no-retina>\n<!--\n\t\t\t\t\t\t\t--><rs-layer\n\t\t\t\t\t\t\t\tid=\"slider-8-slide-30-layer-3\" \n\t\t\t\t\t\t\t\tdata-type=\"image\"\n\t\t\t\t\t\t\t\tdata-rsp_ch=\"on\"\n\t\t\t\t\t\t\t\tdata-xy=\"x:c;y:c;\"\n\t\t\t\t\t\t\t\tdata-text=\"l:22;a:inherit;\"\n\t\t\t\t\t\t\t\tdata-dim=\"w:1620px;h:1080px;\"\n\t\t\t\t\t\t\t\tdata-frame_0=\"tp:600;\"\n\t\t\t\t\t\t\t\tdata-frame_1=\"tp:600;sR:10;\"\n\t\t\t\t\t\t\t\tdata-frame_999=\"o:0;tp:600;st:w;sR:8690.0006103516;\"\n\t\t\t\t\t\t\t\tstyle=\"z-index:5;\"\n\t\t\t\t\t\t\t><img loading=\"lazy\" decoding=\"async\" src=\"\/\/mikelbelascoain.com\/wp-content\/uploads\/2019\/03\/Colecci\u00f3n-vajilla-2.jpg\" width=\"1500\" height=\"1000\" data-no-retina> \n\t\t\t\t\t\t\t<\/rs-layer><!--\n-->\t\t\t\t\t\t<\/rs-slide>\n\t\t\t\t\t<\/rs-slides>\n\t\t\t\t\t<rs-progress class=\"rs-bottom\" style=\"visibility: hidden !important;\"><\/rs-progress>\n\t\t\t\t<\/rs-module>\n\t\t\t\t<script type=\"text\/javascript\">\n\t\t\t\t\tsetREVStartSize({c: 'rev_slider_8_1',rl:[1240,1024,778,480],el:[],gw:[1240],gh:[868],type:'standard',justify:'',layout:'fullwidth',mh:\"0\"});\n\t\t\t\t\tvar\trevapi8,\n\t\t\t\t\t\ttpj;\n\t\t\t\t\tjQuery(function() {\n\t\t\t\t\t\ttpj = jQuery;\n\t\t\t\t\t\trevapi8 = tpj(\"#rev_slider_8_1\")\n\t\t\t\t\t\tif(revapi8==undefined || revapi8.revolution == undefined){\n\t\t\t\t\t\t\trevslider_showDoubleJqueryError(\"rev_slider_8_1\");\n\t\t\t\t\t\t}else{\n\t\t\t\t\t\t\trevapi8.revolution({\n\t\t\t\t\t\t\t\tvisibilityLevels:\"1240,1024,778,480\",\n\t\t\t\t\t\t\t\tgridwidth:1240,\n\t\t\t\t\t\t\t\tgridheight:868,\n\t\t\t\t\t\t\t\tspinner:\"spinner0\",\n\t\t\t\t\t\t\t\tperspectiveType:\"local\",\n\t\t\t\t\t\t\t\tresponsiveLevels:\"1240,1024,778,480\",\n\t\t\t\t\t\t\t\tdisableProgressBar:\"on\",\n\t\t\t\t\t\t\t\tnavigation: {\n\t\t\t\t\t\t\t\t\tmouseScrollNavigation:false,\n\t\t\t\t\t\t\t\t\tonHoverStop:false,\n\t\t\t\t\t\t\t\t\tarrows: {\n\t\t\t\t\t\t\t\t\t\tenable:true,\n\t\t\t\t\t\t\t\t\t\tstyle:\"uranus\",\n\t\t\t\t\t\t\t\t\t\thide_onleave:true,\n\t\t\t\t\t\t\t\t\t\tleft: {\n\n\t\t\t\t\t\t\t\t\t\t},\n\t\t\t\t\t\t\t\t\t\tright: {\n\n\t\t\t\t\t\t\t\t\t\t}\n\t\t\t\t\t\t\t\t\t},\n\t\t\t\t\t\t\t\t\tbullets: {\n\t\t\t\t\t\t\t\t\t\tenable:true,\n\t\t\t\t\t\t\t\t\t\ttmp:\"<span class=\\\"tp-bullet-title\\\">{{title}}<\/span>\",\n\t\t\t\t\t\t\t\t\t\tstyle:\"ares\"\n\t\t\t\t\t\t\t\t\t}\n\t\t\t\t\t\t\t\t},\n\t\t\t\t\t\t\t\tfallbacks: {\n\t\t\t\t\t\t\t\t\tallowHTML5AutoPlayOnAndroid:true\n\t\t\t\t\t\t\t\t},\n\t\t\t\t\t\t\t});\n\t\t\t\t\t\t}\n\t\t\t\t\t\t\n\t\t\t\t\t});\n\t\t\t\t<\/script>\n\t\t\t\t<script>\n\t\t\t\t\tvar htmlDivCss = unescape(\"%23rev_slider_8_1_wrapper%20.uranus.tparrows%20%7B%0A%20%20width%3A50px%3B%0A%20%20height%3A50px%3B%0A%20%20background%3Argba%28255%2C255%2C255%2C0%29%3B%0A%20%7D%0A%20%23rev_slider_8_1_wrapper%20.uranus.tparrows%3Abefore%20%7B%0A%20width%3A50px%3B%0A%20height%3A50px%3B%0A%20line-height%3A50px%3B%0A%20font-size%3A40px%3B%0A%20transition%3Aall%200.3s%3B%0A-webkit-transition%3Aall%200.3s%3B%0A%20%7D%0A%20%0A%20%20%23rev_slider_8_1_wrapper%20.uranus.tparrows%3Ahover%3Abefore%20%7B%0A%20%20%20%20opacity%3A0.75%3B%0A%20%20%7D%0A%23rev_slider_8_1_wrapper%20.ares.tp-bullets%20%7B%0A%7D%0A%23rev_slider_8_1_wrapper%20.ares.tp-bullets%3Abefore%20%7B%0A%09content%3A%27%20%27%3B%0A%09position%3Aabsolute%3B%0A%09width%3A100%25%3B%0A%09height%3A100%25%3B%0A%09background%3Atransparent%3B%0A%09padding%3A10px%3B%0A%09margin-left%3A-10px%3Bmargin-top%3A-10px%3B%0A%09box-sizing%3Acontent-box%3B%0A%7D%0A%23rev_slider_8_1_wrapper%20.ares%20.tp-bullet%20%7B%0A%09width%3A13px%3B%0A%09height%3A13px%3B%0A%09position%3Aabsolute%3B%0A%09background%3A%23e5e5e5%3B%0A%09border-radius%3A50%25%3B%0A%09cursor%3A%20pointer%3B%0A%09box-sizing%3Acontent-box%3B%0A%7D%0A%23rev_slider_8_1_wrapper%20.ares%20.tp-bullet%3Ahover%2C%0A%23rev_slider_8_1_wrapper%20.ares%20.tp-bullet.selected%20%7B%0A%09background%3A%23ffffff%3B%0A%7D%0A%23rev_slider_8_1_wrapper%20.ares%20.tp-bullet-title%20%7B%0A%20%20position%3Aabsolute%3B%0A%20%20color%3A%23888888%3B%0A%20%20font-size%3A12px%3B%0A%20%20padding%3A0px%2010px%3B%0A%20%20font-weight%3A600%3B%0A%20%20right%3A27px%3B%0A%20%20top%3A-4px%3B%20%20%0A%20%20background%3Argba%28255%2C255%2C255%2C0.75%29%3B%0A%20%20visibility%3Ahidden%3B%0A%20%20transform%3Atranslatex%28-20px%29%3B%0A%20%20-webkit-transform%3Atranslatex%28-20px%29%3B%0A%20%20transition%3Atransform%200.3s%3B%0A%20%20-webkit-transition%3Atransform%200.3s%3B%0A%20%20line-height%3A20px%3B%0A%20%20white-space%3Anowrap%3B%0A%7D%20%20%20%20%20%0A%0A%23rev_slider_8_1_wrapper%20.ares%20.tp-bullet-title%3Aafter%20%7B%0A%20%20%20%20width%3A%200px%3B%0A%09height%3A%200px%3B%0A%09border-style%3A%20solid%3B%0A%09border-width%3A%2010px%200%2010px%2010px%3B%0A%09border-color%3A%20transparent%20transparent%20transparent%20rgba%28255%2C255%2C255%2C0.75%29%3B%0A%09content%3A%27%20%27%3B%0A%20%20%20%20position%3Aabsolute%3B%0A%20%20%20%20right%3A-10px%3B%0A%09top%3A0px%3B%0A%7D%0A%20%20%20%20%0A%23rev_slider_8_1_wrapper%20.ares%20.tp-bullet%3Ahover%20.tp-bullet-title%7B%0A%20%20visibility%3Avisible%3B%0A%20%20%20transform%3Atranslatex%280px%29%3B%0A%20%20-webkit-transform%3Atranslatex%280px%29%3B%0A%7D%0A%0A%23rev_slider_8_1_wrapper%20.ares%20.tp-bullet.selected%3Ahover%20.tp-bullet-title%20%7B%0A%20%20%20%20background%3A%23ffffff%3B%7D%0A%23rev_slider_8_1_wrapper%20.ares%20.tp-bullet.selected%3Ahover%20.tp-bullet-title%3Aafter%20%7B%0A%20%20border-color%3Atransparent%20transparent%20transparent%20%23ffffff%3B%0A%7D%0A%23rev_slider_8_1_wrapper%20.ares.tp-bullets%3Ahover%20.tp-bullet-title%20%7B%0A%20%20visibility%3Ahidden%3B%0A%20%20%0A%7D%0A%23rev_slider_8_1_wrapper%20.ares.tp-bullets%3Ahover%20.tp-bullet%3Ahover%20.tp-bullet-title%20%7B%0A%20%20%20%20visibility%3Avisible%3B%0A%20%20%20%20transform%3AtranslateX%280px%29%20translatey%280px%29%3B%0A%20%20-webkit-transform%3AtranslateX%280px%29%20translatey%280px%29%3B%0A%7D%0A%0A%0A%2F%2A%20VERTICAL%20%2A%2F%0A%23rev_slider_8_1_wrapper%20.ares.nav-dir-vertical.nav-pos-hor-left%20.tp-bullet-title%20%7B%20right%3Aauto%3B%20left%3A27px%3B%20%20transform%3Atranslatex%2820px%29%3B%20-webkit-transform%3Atranslatex%2820px%29%3B%7D%20%20%0A%23rev_slider_8_1_wrapper%20.ares.nav-dir-vertical.nav-pos-hor-left%20.tp-bullet-title%3Aafter%20%7B%20%0A%20%20border-width%3A%2010px%2010px%2010px%200%20%21important%3B%0A%20%20border-color%3A%20transparent%20rgba%28255%2C255%2C255%2C0.75%29%20transparent%20transparent%3B%0A%20%20right%3Aauto%20%21important%3B%0A%20%20left%3A-10px%20%21important%3B%20%20%20%0A%7D%0A%23rev_slider_8_1_wrapper%20.ares.nav-dir-vertical.nav-pos-hor-left%20.tp-bullet.selected%3Ahover%20.tp-bullet-title%3Aafter%20%7B%0A%20%20border-color%3A%20%20transparent%20%23ffffff%20transparent%20transparent%20%21important%3B%0A%7D%0A%0A%0A%0A%2F%2A%20HORIZONTAL%20BOTTOM%20%26%26%20CENTER%20%2A%2F%0A%23rev_slider_8_1_wrapper%20.ares.nav-dir-horizontal.nav-pos-ver-center%20.tp-bullet-title%2C%0A%23rev_slider_8_1_wrapper%20.ares.nav-dir-horizontal.nav-pos-ver-bottom%20.tp-bullet-title%20%7B%20top%3A-35px%3B%20left%3A50%25%3B%20right%3Aauto%3B%20transform%3A%20translateX%28-50%25%29%20translateY%28-10px%29%3B-webkit-transform%3A%20translateX%28-50%25%29%20translateY%28-10px%29%3B%20%7D%20%20%0A%0A%23rev_slider_8_1_wrapper%20.ares.nav-dir-horizontal.nav-pos-ver-center%20.tp-bullet-title%3Aafter%2C%0A%23rev_slider_8_1_wrapper%20.ares.nav-dir-horizontal.nav-pos-ver-bottom%20.tp-bullet-title%3Aafter%20%7B%20%0A%20%20border-width%3A%2010px%2010px%200px%2010px%3B%0A%20%20border-color%3A%20rgba%28255%2C255%2C255%2C0.75%29%20transparent%20transparent%20transparent%3B%0A%20%20right%3Aauto%3B%0A%20%20left%3A50%25%3B%0A%20%20margin-left%3A-10px%3B%0A%20%20top%3Aauto%3B%0A%20%20bottom%3A-10px%3B%0A%20%20%20%20%0A%7D%0A%23rev_slider_8_1_wrapper%20.ares.nav-dir-horizontal.nav-pos-ver-center%20.tp-bullet.selected%3Ahover%20.tp-bullet-title%3Aafter%2C%0A%23rev_slider_8_1_wrapper%20.ares.nav-dir-horizontal.nav-pos-ver-bottom%20.tp-bullet.selected%3Ahover%20.tp-bullet-title%3Aafter%20%7B%0A%20%20border-color%3A%20%20%23ffffff%20transparent%20transparent%20transparent%3B%0A%7D%0A%0A%23rev_slider_8_1_wrapper%20.ares.nav-dir-horizontal.nav-pos-ver-center%20.tp-bullet%3Ahover%20.tp-bullet-title%2C%0A%23rev_slider_8_1_wrapper%20.ares.nav-dir-horizontal.nav-pos-ver-bottom%20.tp-bullet%3Ahover%20.tp-bullet-title%7B%0A%20%20%20transform%3AtranslateX%28-50%25%29%20translatey%280px%29%3B%0A%20%20-webkit-transform%3AtranslateX%28-50%25%29%20translatey%280px%29%3B%0A%7D%0A%0A%0A%2F%2A%20HORIZONTAL%20TOP%20%2A%2F%0A%23rev_slider_8_1_wrapper%20.ares.nav-dir-horizontal.nav-pos-ver-top%20.tp-bullet-title%20%7B%20top%3A25px%3B%20left%3A50%25%3B%20right%3Aauto%3B%20transform%3A%20translateX%28-50%25%29%20translateY%2810px%29%3B-webkit-transform%3A%20translateX%28-50%25%29%20translateY%2810px%29%3B%20%7D%20%20%0A%23rev_slider_8_1_wrapper%20.ares.nav-dir-horizontal.nav-pos-ver-top%20.tp-bullet-title%3Aafter%20%7B%20%0A%20%20border-width%3A%200%2010px%2010px%2010px%3B%0A%20%20border-color%3A%20%20transparent%20transparent%20rgba%28255%2C255%2C255%2C0.75%29%20transparent%3B%0A%20%20right%3Aauto%3B%0A%20%20left%3A50%25%3B%0A%20%20margin-left%3A-10px%3B%0A%20%20bottom%3Aauto%3B%0A%20%20top%3A-10px%3B%0A%20%20%20%20%0A%7D%0A%23rev_slider_8_1_wrapper%20.ares.nav-dir-horizontal.nav-pos-ver-top%20.tp-bullet.selected%3Ahover%20.tp-bullet-title%3Aafter%20%7B%0A%20%20border-color%3A%20%20transparent%20transparent%20%20%23ffffff%20transparent%3B%0A%7D%0A%0A%23rev_slider_8_1_wrapper%20.ares.nav-dir-horizontal.nav-pos-ver-top%20.tp-bullet%3Ahover%20.tp-bullet-title%7B%0A%20%20%20transform%3AtranslateX%28-50%25%29%20translatey%280px%29%3B%0A%20%20-webkit-transform%3AtranslateX%28-50%25%29%20translatey%280px%29%3B%0A%7D%0A%0A%0A\");\n\t\t\t\t\tvar htmlDiv = document.getElementById('rs-plugin-settings-inline-css');\n\t\t\t\t\tif(htmlDiv) {\n\t\t\t\t\t\thtmlDiv.innerHTML = htmlDiv.innerHTML + htmlDivCss;\n\t\t\t\t\t}else{\n\t\t\t\t\t\tvar htmlDiv = document.createElement('div');\n\t\t\t\t\t\thtmlDiv.innerHTML = '<style>' + htmlDivCss + '<\/style>';\n\t\t\t\t\t\tdocument.getElementsByTagName('head')[0].appendChild(htmlDiv.childNodes[0]);\n\t\t\t\t\t}\n\t\t\t\t<\/script>\n\t\t\t\t<script>\n\t\t\t\t\tvar htmlDivCss = unescape(\"%0A%0A%0A%0A\");\n\t\t\t\t\tvar htmlDiv = document.getElementById('rs-plugin-settings-inline-css');\n\t\t\t\t\tif(htmlDiv) {\n\t\t\t\t\t\thtmlDiv.innerHTML = htmlDiv.innerHTML + htmlDivCss;\n\t\t\t\t\t}else{\n\t\t\t\t\t\tvar htmlDiv = document.createElement('div');\n\t\t\t\t\t\thtmlDiv.innerHTML = '<style>' + htmlDivCss + '<\/style>';\n\t\t\t\t\t\tdocument.getElementsByTagName('head')[0].appendChild(htmlDiv.childNodes[0]);\n\t\t\t\t\t}\n\t\t\t\t<\/script>\n\t\t\t<\/rs-module-wrap>\n\t\t\t<!-- END REVOLUTION SLIDER -->\n<\/div><\/div><\/div><\/div><\/div><div class=\"vc_row wpb_row vc_row-fluid vc_custom_1548402079909\"><div class=\"wpb_column vc_column_container vc_col-sm-12\"><div class=\"vc_column-inner\"><div class=\"wpb_wrapper\">\n\t<div class=\"wpb_text_column wpb_content_element \" >\n\t\t<div class=\"wpb_wrapper\">\n\t\t\t<h6 style=\"text-align: center;\"><a href=\"\/poema\">Siguiente Proyecto<\/a><\/h6>\n\n\t\t<\/div>\n\t<\/div>\n<\/div><\/div><\/div><\/div>\n","protected":false},"excerpt":{"rendered":"","protected":false},"author":1,"featured_media":0,"parent":0,"menu_order":0,"comment_status":"closed","ping_status":"closed","template":"","meta":{"inline_featured_image":false,"footnotes":""},"yoast_head":"<!-- This site is optimized with the Yoast SEO plugin v24.5 - https:\/\/yoast.com\/wordpress\/plugins\/seo\/ -->\n<title>CER\u00c1MICA - Mikel Belascoain<\/title>\n<meta name=\"robots\" content=\"index, follow, max-snippet:-1, max-image-preview:large, max-video-preview:-1\" \/>\n<link rel=\"canonical\" href=\"https:\/\/mikelbelascoain.com\/en\/ceramica\/\" \/>\n<meta property=\"og:locale\" content=\"en_GB\" \/>\n<meta property=\"og:type\" content=\"article\" \/>\n<meta property=\"og:title\" content=\"CER\u00c1MICA - Mikel Belascoain\" \/>\n<meta property=\"og:url\" content=\"https:\/\/mikelbelascoain.com\/en\/ceramica\/\" \/>\n<meta property=\"og:site_name\" content=\"Mikel Belascoain\" \/>\n<meta property=\"article:modified_time\" content=\"2019-03-25T10:58:34+00:00\" \/>\n<meta name=\"twitter:card\" content=\"summary_large_image\" \/>\n<meta name=\"twitter:label1\" content=\"Estimated reading time\" \/>\n\t<meta name=\"twitter:data1\" content=\"1 minute\" \/>\n<script type=\"application\/ld+json\" class=\"yoast-schema-graph\">{\"@context\":\"https:\/\/schema.org\",\"@graph\":[{\"@type\":\"WebPage\",\"@id\":\"https:\/\/mikelbelascoain.com\/ceramica\/\",\"url\":\"https:\/\/mikelbelascoain.com\/ceramica\/\",\"name\":\"CER\u00c1MICA - Mikel Belascoain\",\"isPartOf\":{\"@id\":\"https:\/\/mikelbelascoain.com\/#website\"},\"datePublished\":\"2019-03-25T10:49:50+00:00\",\"dateModified\":\"2019-03-25T10:58:34+00:00\",\"breadcrumb\":{\"@id\":\"https:\/\/mikelbelascoain.com\/ceramica\/#breadcrumb\"},\"inLanguage\":\"en-GB\",\"potentialAction\":[{\"@type\":\"ReadAction\",\"target\":[\"https:\/\/mikelbelascoain.com\/ceramica\/\"]}]},{\"@type\":\"BreadcrumbList\",\"@id\":\"https:\/\/mikelbelascoain.com\/ceramica\/#breadcrumb\",\"itemListElement\":[{\"@type\":\"ListItem\",\"position\":1,\"name\":\"Portada\",\"item\":\"https:\/\/mikelbelascoain.com\/\"},{\"@type\":\"ListItem\",\"position\":2,\"name\":\"CER\u00c1MICA\"}]},{\"@type\":\"WebSite\",\"@id\":\"https:\/\/mikelbelascoain.com\/#website\",\"url\":\"https:\/\/mikelbelascoain.com\/\",\"name\":\"Mikel Belascoain\",\"description\":\"\",\"potentialAction\":[{\"@type\":\"SearchAction\",\"target\":{\"@type\":\"EntryPoint\",\"urlTemplate\":\"https:\/\/mikelbelascoain.com\/?s={search_term_string}\"},\"query-input\":{\"@type\":\"PropertyValueSpecification\",\"valueRequired\":true,\"valueName\":\"search_term_string\"}}],\"inLanguage\":\"en-GB\"}]}<\/script>\n<!-- \/ Yoast SEO plugin. -->","yoast_head_json":{"title":"CER\u00c1MICA - Mikel Belascoain","robots":{"index":"index","follow":"follow","max-snippet":"max-snippet:-1","max-image-preview":"max-image-preview:large","max-video-preview":"max-video-preview:-1"},"canonical":"https:\/\/mikelbelascoain.com\/en\/ceramica\/","og_locale":"en_GB","og_type":"article","og_title":"CER\u00c1MICA - Mikel Belascoain","og_url":"https:\/\/mikelbelascoain.com\/en\/ceramica\/","og_site_name":"Mikel Belascoain","article_modified_time":"2019-03-25T10:58:34+00:00","twitter_card":"summary_large_image","twitter_misc":{"Estimated reading time":"1 minute"},"schema":{"@context":"https:\/\/schema.org","@graph":[{"@type":"WebPage","@id":"https:\/\/mikelbelascoain.com\/ceramica\/","url":"https:\/\/mikelbelascoain.com\/ceramica\/","name":"CER\u00c1MICA - Mikel Belascoain","isPartOf":{"@id":"https:\/\/mikelbelascoain.com\/#website"},"datePublished":"2019-03-25T10:49:50+00:00","dateModified":"2019-03-25T10:58:34+00:00","breadcrumb":{"@id":"https:\/\/mikelbelascoain.com\/ceramica\/#breadcrumb"},"inLanguage":"en-GB","potentialAction":[{"@type":"ReadAction","target":["https:\/\/mikelbelascoain.com\/ceramica\/"]}]},{"@type":"BreadcrumbList","@id":"https:\/\/mikelbelascoain.com\/ceramica\/#breadcrumb","itemListElement":[{"@type":"ListItem","position":1,"name":"Portada","item":"https:\/\/mikelbelascoain.com\/"},{"@type":"ListItem","position":2,"name":"CER\u00c1MICA"}]},{"@type":"WebSite","@id":"https:\/\/mikelbelascoain.com\/#website","url":"https:\/\/mikelbelascoain.com\/","name":"Mikel Belascoain","description":"","potentialAction":[{"@type":"SearchAction","target":{"@type":"EntryPoint","urlTemplate":"https:\/\/mikelbelascoain.com\/?s={search_term_string}"},"query-input":{"@type":"PropertyValueSpecification","valueRequired":true,"valueName":"search_term_string"}}],"inLanguage":"en-GB"}]}},"_links":{"self":[{"href":"https:\/\/mikelbelascoain.com\/en\/wp-json\/wp\/v2\/pages\/538"}],"collection":[{"href":"https:\/\/mikelbelascoain.com\/en\/wp-json\/wp\/v2\/pages"}],"about":[{"href":"https:\/\/mikelbelascoain.com\/en\/wp-json\/wp\/v2\/types\/page"}],"author":[{"embeddable":true,"href":"https:\/\/mikelbelascoain.com\/en\/wp-json\/wp\/v2\/users\/1"}],"replies":[{"embeddable":true,"href":"https:\/\/mikelbelascoain.com\/en\/wp-json\/wp\/v2\/comments?post=538"}],"version-history":[{"count":5,"href":"https:\/\/mikelbelascoain.com\/en\/wp-json\/wp\/v2\/pages\/538\/revisions"}],"predecessor-version":[{"id":546,"href":"https:\/\/mikelbelascoain.com\/en\/wp-json\/wp\/v2\/pages\/538\/revisions\/546"}],"wp:attachment":[{"href":"https:\/\/mikelbelascoain.com\/en\/wp-json\/wp\/v2\/media?parent=538"}],"curies":[{"name":"wp","href":"https:\/\/api.w.org\/{rel}","templated":true}]}}